{"id":21735,"date":"2026-03-12T01:30:13","date_gmt":"2026-03-12T00:30:13","guid":{"rendered":"https:\/\/happycorals.pl\/?post_type=product&#038;p=21735"},"modified":"2026-03-20T20:37:02","modified_gmt":"2026-03-20T19:37:02","slug":"acropora-latistella","status":"publish","type":"product","link":"https:\/\/happycorals.pl\/en\/sklep\/sps\/acropora-latistella\/","title":{"rendered":"Acropora Latistella"},"content":{"rendered":"<p>Nazwa: Acropora Latistella<\/p>\n<p>Temperatura:\u00a024-27\u00b0C<\/p>\n<p>Przep\u0142yw: silny, zmienny<\/p>\n<p>\u015awiat\u0142o: mocne<\/p>\n<p>PAR: co najmniej 250&lt;<\/p>\n<p>Parametry wody: NO3 0-10 mg\/l, PO4 0-0,10 mg\/l, KH 6-8, Ca 380-420, Mg 1200-1350<\/p>\n<p>Karmienie: Pokarmy p\u0142ynne, reef roids oraz aminokwasy<\/p>\n<p>Trudno\u015b\u0107:\u00a0wymagaj\u0105cy<\/p>\n<p>Kluczowe wymagania dla utrzymania zdrowia korali SPS z rodzaju Acropora<\/p>\n<p><strong>Przep\u0142yw wody<\/strong> \u2013 koralowce z gatunku Acropora naturalnie rozwijaj\u0105 si\u0119 w strefach rafowych o silnych pr\u0105dach. Silny, zr\u00f3\u017cnicowany ruch wody w akwarium usuwa zanieczyszczenia i dostarcza koralowcom sk\u0142adniki od\u017cywcze.<\/p>\n<p><strong>Jako\u015b\u0107 wody<\/strong> \u2013 Utrzymanie niskiego poziomu azotan\u00f3w i fosforan\u00f3w ma kluczowe znaczenie dla zdrowia Acropor. Niska jako\u015b\u0107 wody mo\u017ce spowolni\u0107 ich wzrost i negatywnie wp\u0142yn\u0105\u0107 na ich og\u00f3ln\u0105 kondycj\u0119 oraz kolor.<\/p>\n<p><strong>O\u015bwietlenie<\/strong> \u2013 W zbiorniku rafowym koralowce znajduj\u0105ce si\u0119 bli\u017cej powierzchni b\u0119d\u0105 mia\u0142y wi\u0119cej \u015bwiat\u0142a, podczas gdy te poni\u017cej z czasem staj\u0105 si\u0119 zacienione. Mo\u017ce to wp\u0142yn\u0105\u0107 na ich rozw\u00f3j, dlatego konieczne jest staranne rozmieszczenie i dostosowanie o\u015bwietlenia pod dany gatunek koralowca. W zbiorniku mieszanym acropory uk\u0142adamy w g\u00f3rnych partiach zbiornika, w \u015brodkowych LPS, mi\u0119kasy za\u015b w dolnych partiach akwarium. Nale\u017cy jednak pami\u0119ta\u0107, \u017ce acropory g\u0142\u0119binowe charakteryzuj\u0105ce si\u0119 cie\u0144szymi odnogami i budow\u0105 nie poradz\u0105 sobie tak dobrze w mocnym o\u015bwietleniu jak te odmiany masywniej zbudowane.<\/p>\n<p><strong>Sk\u0142ad chemiczny wody<\/strong> \u2013 koralowce te potrzebuj\u0105 sta\u0142ego poziomu wapnia, zasadowo\u015bci i magnezu, aby zbudowa\u0107 swoj\u0105 struktur\u0119 szkieletow\u0105. Potas i stront oraz jod odgrywaj\u0105 r\u00f3wnie\u017c wa\u017cn\u0105 rol\u0119 przy hodowli tych koralowc\u00f3w. Cz\u0119sto te\u017c pomijane jest przez akwaryst\u00f3w pH, kt\u00f3re naszym zdaniem r\u00f3wnie\u017c jest na szczycie piramidy wymaga\u0144 &#8222;patyk\u00f3w&#8221;.<\/p>\n<p><strong>Karmienie<\/strong> \u2013 obecno\u015b\u0107 ryb w akwarium przyczynia si\u0119 do ich og\u00f3lnego dobrostanu. Regularne nieprzesadne karmienie ryb pozwala zaoszcz\u0119dzi\u0107 pieni\u0105dze, gdy\u017c wydalane odchody ryb wspieraj\u0105 wzrost acropor i potrafi\u0105 poprawi\u0107 ich wybarwienie dostarczaj\u0105c im naturalnych sk\u0142adnik\u00f3w od\u017cywczych. Warto czasem wesprze\u0107 si\u0119 aminokwasami gdy zauwa\u017cymy ja\u015bnienie tkanki. Acropory lubi\u0105 te\u017c przyjmowa\u0107 drobny pokarm najlepiej nadaj\u0105 si\u0119 cz\u0105stki w zakresie 5\u2013200 mikron\u00f3w. Nale\u017cy pami\u0119ta\u0107,\u017ce Acropory maj\u0105 bardzo ma\u0142e polipy, dlatego wi\u0119ksze mro\u017conki typu doros\u0142a artemia czy lasonogi s\u0105 dla nich za du\u017ce. Karmienie najlepiej przeprowadza\u0107, wy\u0142\u0105czaj\u0105c cyrkulacj\u0119. Pami\u0119tajmy, \u017ce bezpo\u015brednio nie od\u017cywiaj\u0105 si\u0119 fitoplanktonem, ale robi\u0105 to po\u015brednio zjadaj\u0105c zoopalankton, kt\u00f3ry w\u0142a\u015bnie \u017cywi si\u0119 fitoplanktonem.<\/p>\n<p style=\"text-align: center;\"><strong>Bezpieczna wysy\u0142ka 24h<\/strong>:\u00a0Jako jedni z nielicznych realizujemy wysy\u0142k\u0119 koralowc\u00f3w kurierem UPS zgodnie z rygorystycznymi\u00a0zasadami IATA. Ka\u017cda paczka jest profesjonalnie zapakowana w styrobox z ogrzewaczem (heatpack) , co gwarantuje dotarcie zwierz\u0105t w idealnej kondycji.<br \/>\n<strong>Odbi\u00f3r osobisty w Warszawie<\/strong>:\u00a0Zapraszamy do odwiedzin naszej hodowli w Warszawie \u2013 obejrzyj koralowce na \u017cywo i porozmawiaj nt. hodowli koralowc\u00f3w i prowadzenia naszych akwari\u00f3w.<br \/>\n<strong>Gwarancja jako\u015bci<\/strong>:\u00a0Wybieraj\u0105c nasze koralowce, otrzymujesz zwierz\u0119ta starrannie selekcjonowane i gotowe do zasiedlenia Twojego zbiornika.<br \/>\n<iframe title=\"Acropora Latistella\" src=\"https:\/\/www.youtube.com\/embed\/vNs29VrCudk\" width=\"300\" height=\"600\" frameborder=\"0\" allowfullscreen=\"allowfullscreen\"><\/iframe><\/p>","protected":false},"excerpt":{"rendered":"<p>Nazwa: Acropora Latistella Temperatura:\u00a024-27\u00b0C Przep\u0142yw: silny, zmienny \u015awiat\u0142o: mocne PAR: co najmniej 250&lt; Parametry wody: NO3 0-10 mg\/l, PO4 0-0,10 mg\/l, KH 6-8, Ca 380-420, Mg 1200-1350 Karmienie: Pokarmy p\u0142ynne,&hellip;<\/p>","protected":false},"featured_media":21736,"comment_status":"closed","ping_status":"closed","template":"","meta":[],"product_brand":[],"product_cat":[179],"product_tag":[],"class_list":{"0":"post-21735","1":"product","2":"type-product","3":"status-publish","4":"has-post-thumbnail","6":"product_cat-sps","7":"product_shipping_class-przesylka-ogrzewana","9":"first","10":"instock","11":"taxable","12":"shipping-taxable","13":"purchasable","14":"product-type-simple"},"yoast_head":"<!-- This site is optimized with the Yoast SEO plugin v26.6 - https:\/\/yoast.com\/wordpress\/plugins\/seo\/ -->\n<title>Acropora Latistella - Happy Corals<\/title>\n<meta name=\"robots\" content=\"index, follow, max-snippet:-1, max-image-preview:large, max-video-preview:-1\" \/>\n<link rel=\"canonical\" href=\"https:\/\/happycorals.pl\/en\/sklep\/sps\/acropora-latistella\/\" \/>\n<meta property=\"og:locale\" content=\"en_GB\" \/>\n<meta property=\"og:type\" content=\"article\" \/>\n<meta property=\"og:title\" content=\"Acropora Latistella - Happy Corals\" \/>\n<meta property=\"og:description\" content=\"Nazwa: Acropora Latistella Temperatura:\u00a024-27\u00b0C Przep\u0142yw: silny, zmienny \u015awiat\u0142o: mocne PAR: co najmniej 250&lt; Parametry wody: NO3 0-10 mg\/l, PO4 0-0,10 mg\/l, KH 6-8, Ca 380-420, Mg 1200-1350 Karmienie: Pokarmy p\u0142ynne,&hellip;\" \/>\n<meta property=\"og:url\" content=\"https:\/\/happycorals.pl\/en\/sklep\/sps\/acropora-latistella\/\" \/>\n<meta property=\"og:site_name\" content=\"Happy Corals\" \/>\n<meta property=\"article:modified_time\" content=\"2026-03-20T19:37:02+00:00\" \/>\n<meta property=\"og:image\" content=\"https:\/\/happycorals.pl\/wp-content\/uploads\/2026\/03\/InShot_20260310_003154444-scaled-e1773701806151.jpg\" \/>\n\t<meta property=\"og:image:width\" content=\"1263\" \/>\n\t<meta property=\"og:image:height\" content=\"1732\" \/>\n\t<meta property=\"og:image:type\" content=\"image\/jpeg\" \/>\n<meta name=\"twitter:card\" content=\"summary_large_image\" \/>\n<meta name=\"twitter:label1\" content=\"Estimated reading time\" \/>\n\t<meta name=\"twitter:data1\" content=\"3 minutes\" \/>\n<script type=\"application\/ld+json\" class=\"yoast-schema-graph\">{\"@context\":\"https:\/\/schema.org\",\"@graph\":[{\"@type\":\"WebPage\",\"@id\":\"https:\/\/happycorals.pl\/sklep\/sps\/acropora-latistella\/\",\"url\":\"https:\/\/happycorals.pl\/sklep\/sps\/acropora-latistella\/\",\"name\":\"Acropora Latistella - Happy Corals\",\"isPartOf\":{\"@id\":\"https:\/\/happycorals.pl\/#website\"},\"primaryImageOfPage\":{\"@id\":\"https:\/\/happycorals.pl\/sklep\/sps\/acropora-latistella\/#primaryimage\"},\"image\":{\"@id\":\"https:\/\/happycorals.pl\/sklep\/sps\/acropora-latistella\/#primaryimage\"},\"thumbnailUrl\":\"https:\/\/happycorals.pl\/wp-content\/uploads\/2026\/03\/InShot_20260310_003154444-scaled-e1773701806151.jpg\",\"datePublished\":\"2026-03-12T00:30:13+00:00\",\"dateModified\":\"2026-03-20T19:37:02+00:00\",\"breadcrumb\":{\"@id\":\"https:\/\/happycorals.pl\/sklep\/sps\/acropora-latistella\/#breadcrumb\"},\"inLanguage\":\"en-GB\",\"potentialAction\":[{\"@type\":\"ReadAction\",\"target\":[\"https:\/\/happycorals.pl\/sklep\/sps\/acropora-latistella\/\"]}]},{\"@type\":\"ImageObject\",\"inLanguage\":\"en-GB\",\"@id\":\"https:\/\/happycorals.pl\/sklep\/sps\/acropora-latistella\/#primaryimage\",\"url\":\"https:\/\/happycorals.pl\/wp-content\/uploads\/2026\/03\/InShot_20260310_003154444-scaled-e1773701806151.jpg\",\"contentUrl\":\"https:\/\/happycorals.pl\/wp-content\/uploads\/2026\/03\/InShot_20260310_003154444-scaled-e1773701806151.jpg\",\"width\":1263,\"height\":1732},{\"@type\":\"BreadcrumbList\",\"@id\":\"https:\/\/happycorals.pl\/sklep\/sps\/acropora-latistella\/#breadcrumb\",\"itemListElement\":[{\"@type\":\"ListItem\",\"position\":1,\"name\":\"Strona g\u0142\u00f3wna\",\"item\":\"https:\/\/happycorals.pl\/\"},{\"@type\":\"ListItem\",\"position\":2,\"name\":\"Sklep\",\"item\":\"https:\/\/happycorals.pl\/sklep\/\"},{\"@type\":\"ListItem\",\"position\":3,\"name\":\"Acropora Latistella\"}]},{\"@type\":\"WebSite\",\"@id\":\"https:\/\/happycorals.pl\/#website\",\"url\":\"https:\/\/happycorals.pl\/\",\"name\":\"Happy Corals\",\"description\":\"Sklep z koralowcami\",\"publisher\":{\"@id\":\"https:\/\/happycorals.pl\/#organization\"},\"potentialAction\":[{\"@type\":\"SearchAction\",\"target\":{\"@type\":\"EntryPoint\",\"urlTemplate\":\"https:\/\/happycorals.pl\/?s={search_term_string}\"},\"query-input\":{\"@type\":\"PropertyValueSpecification\",\"valueRequired\":true,\"valueName\":\"search_term_string\"}}],\"inLanguage\":\"en-GB\"},{\"@type\":\"Organization\",\"@id\":\"https:\/\/happycorals.pl\/#organization\",\"name\":\"Happy Corals\",\"url\":\"https:\/\/happycorals.pl\/\",\"logo\":{\"@type\":\"ImageObject\",\"inLanguage\":\"en-GB\",\"@id\":\"https:\/\/happycorals.pl\/#\/schema\/logo\/image\/\",\"url\":\"https:\/\/happycorals.pl\/wp-content\/uploads\/2022\/03\/Happy-Corals-01-kolorowe-DRUK-2.png.png\",\"contentUrl\":\"https:\/\/happycorals.pl\/wp-content\/uploads\/2022\/03\/Happy-Corals-01-kolorowe-DRUK-2.png.png\",\"width\":2000,\"height\":2000,\"caption\":\"Happy Corals\"},\"image\":{\"@id\":\"https:\/\/happycorals.pl\/#\/schema\/logo\/image\/\"}}]}<\/script>\n<!-- \/ Yoast SEO plugin. -->","yoast_head_json":{"title":"Acropora Latistella - Happy Corals","robots":{"index":"index","follow":"follow","max-snippet":"max-snippet:-1","max-image-preview":"max-image-preview:large","max-video-preview":"max-video-preview:-1"},"canonical":"https:\/\/happycorals.pl\/en\/sklep\/sps\/acropora-latistella\/","og_locale":"en_GB","og_type":"article","og_title":"Acropora Latistella - Happy Corals","og_description":"Nazwa: Acropora Latistella Temperatura:\u00a024-27\u00b0C Przep\u0142yw: silny, zmienny \u015awiat\u0142o: mocne PAR: co najmniej 250&lt; Parametry wody: NO3 0-10 mg\/l, PO4 0-0,10 mg\/l, KH 6-8, Ca 380-420, Mg 1200-1350 Karmienie: Pokarmy p\u0142ynne,&hellip;","og_url":"https:\/\/happycorals.pl\/en\/sklep\/sps\/acropora-latistella\/","og_site_name":"Happy Corals","article_modified_time":"2026-03-20T19:37:02+00:00","og_image":[{"width":1263,"height":1732,"url":"https:\/\/happycorals.pl\/wp-content\/uploads\/2026\/03\/InShot_20260310_003154444-scaled-e1773701806151.jpg","type":"image\/jpeg"}],"twitter_card":"summary_large_image","twitter_misc":{"Estimated reading time":"3 minutes"},"schema":{"@context":"https:\/\/schema.org","@graph":[{"@type":"WebPage","@id":"https:\/\/happycorals.pl\/sklep\/sps\/acropora-latistella\/","url":"https:\/\/happycorals.pl\/sklep\/sps\/acropora-latistella\/","name":"Acropora Latistella - Happy Corals","isPartOf":{"@id":"https:\/\/happycorals.pl\/#website"},"primaryImageOfPage":{"@id":"https:\/\/happycorals.pl\/sklep\/sps\/acropora-latistella\/#primaryimage"},"image":{"@id":"https:\/\/happycorals.pl\/sklep\/sps\/acropora-latistella\/#primaryimage"},"thumbnailUrl":"https:\/\/happycorals.pl\/wp-content\/uploads\/2026\/03\/InShot_20260310_003154444-scaled-e1773701806151.jpg","datePublished":"2026-03-12T00:30:13+00:00","dateModified":"2026-03-20T19:37:02+00:00","breadcrumb":{"@id":"https:\/\/happycorals.pl\/sklep\/sps\/acropora-latistella\/#breadcrumb"},"inLanguage":"en-GB","potentialAction":[{"@type":"ReadAction","target":["https:\/\/happycorals.pl\/sklep\/sps\/acropora-latistella\/"]}]},{"@type":"ImageObject","inLanguage":"en-GB","@id":"https:\/\/happycorals.pl\/sklep\/sps\/acropora-latistella\/#primaryimage","url":"https:\/\/happycorals.pl\/wp-content\/uploads\/2026\/03\/InShot_20260310_003154444-scaled-e1773701806151.jpg","contentUrl":"https:\/\/happycorals.pl\/wp-content\/uploads\/2026\/03\/InShot_20260310_003154444-scaled-e1773701806151.jpg","width":1263,"height":1732},{"@type":"BreadcrumbList","@id":"https:\/\/happycorals.pl\/sklep\/sps\/acropora-latistella\/#breadcrumb","itemListElement":[{"@type":"ListItem","position":1,"name":"Strona g\u0142\u00f3wna","item":"https:\/\/happycorals.pl\/"},{"@type":"ListItem","position":2,"name":"Sklep","item":"https:\/\/happycorals.pl\/sklep\/"},{"@type":"ListItem","position":3,"name":"Acropora Latistella"}]},{"@type":"WebSite","@id":"https:\/\/happycorals.pl\/#website","url":"https:\/\/happycorals.pl\/","name":"Happy Corals","description":"Sklep z koralowcami","publisher":{"@id":"https:\/\/happycorals.pl\/#organization"},"potentialAction":[{"@type":"SearchAction","target":{"@type":"EntryPoint","urlTemplate":"https:\/\/happycorals.pl\/?s={search_term_string}"},"query-input":{"@type":"PropertyValueSpecification","valueRequired":true,"valueName":"search_term_string"}}],"inLanguage":"en-GB"},{"@type":"Organization","@id":"https:\/\/happycorals.pl\/#organization","name":"Happy Corals","url":"https:\/\/happycorals.pl\/","logo":{"@type":"ImageObject","inLanguage":"en-GB","@id":"https:\/\/happycorals.pl\/#\/schema\/logo\/image\/","url":"https:\/\/happycorals.pl\/wp-content\/uploads\/2022\/03\/Happy-Corals-01-kolorowe-DRUK-2.png.png","contentUrl":"https:\/\/happycorals.pl\/wp-content\/uploads\/2022\/03\/Happy-Corals-01-kolorowe-DRUK-2.png.png","width":2000,"height":2000,"caption":"Happy Corals"},"image":{"@id":"https:\/\/happycorals.pl\/#\/schema\/logo\/image\/"}}]}},"_links":{"self":[{"href":"https:\/\/happycorals.pl\/en\/wp-json\/wp\/v2\/product\/21735","targetHints":{"allow":["GET"]}}],"collection":[{"href":"https:\/\/happycorals.pl\/en\/wp-json\/wp\/v2\/product"}],"about":[{"href":"https:\/\/happycorals.pl\/en\/wp-json\/wp\/v2\/types\/product"}],"replies":[{"embeddable":true,"href":"https:\/\/happycorals.pl\/en\/wp-json\/wp\/v2\/comments?post=21735"}],"version-history":[{"count":2,"href":"https:\/\/happycorals.pl\/en\/wp-json\/wp\/v2\/product\/21735\/revisions"}],"predecessor-version":[{"id":21738,"href":"https:\/\/happycorals.pl\/en\/wp-json\/wp\/v2\/product\/21735\/revisions\/21738"}],"wp:featuredmedia":[{"embeddable":true,"href":"https:\/\/happycorals.pl\/en\/wp-json\/wp\/v2\/media\/21736"}],"wp:attachment":[{"href":"https:\/\/happycorals.pl\/en\/wp-json\/wp\/v2\/media?parent=21735"}],"wp:term":[{"taxonomy":"product_brand","embeddable":true,"href":"https:\/\/happycorals.pl\/en\/wp-json\/wp\/v2\/product_brand?post=21735"},{"taxonomy":"product_cat","embeddable":true,"href":"https:\/\/happycorals.pl\/en\/wp-json\/wp\/v2\/product_cat?post=21735"},{"taxonomy":"product_tag","embeddable":true,"href":"https:\/\/happycorals.pl\/en\/wp-json\/wp\/v2\/product_tag?post=21735"}],"curies":[{"name":"wp","href":"https:\/\/api.w.org\/{rel}","templated":true}]}}