{"id":21340,"date":"2026-02-20T22:23:36","date_gmt":"2026-02-20T21:23:36","guid":{"rendered":"https:\/\/happycorals.pl\/?post_type=product&#038;p=21340"},"modified":"2026-03-18T01:05:17","modified_gmt":"2026-03-18T00:05:17","slug":"euphyllia-holy-grail-grade-b-glabrescens-torch","status":"publish","type":"product","link":"https:\/\/happycorals.pl\/en\/sklep\/large-polyp-stony-corals\/euphyllia-holy-grail-grade-b-glabrescens-torch\/","title":{"rendered":"Euphyllia Holy Grail grade B"},"content":{"rendered":"<p>Kolejna wariacja legendarnej odmiany Holy Grail Torch<\/p>\n<p><strong>Nazwa:<\/strong>\u00a0Euphyllia glabrescens (Torch Coral)<br \/>\n<strong>Temperatura:<\/strong>\u00a024\u201326\u00b0C<br \/>\n<strong>Przep\u0142yw:<\/strong>\u00a0\u015bredni, umiarkowany (polipy musz\u0105 \u0142agodnie falowa\u0107)<br \/>\n<strong>\u015awiat\u0142o:<\/strong>\u00a0umiarkowane<br \/>\n<strong>PAR:<\/strong>\u00a0150\u2013250<br \/>\n<strong>Parametry wody:<\/strong>\u00a0NO3 5\u201320 mg\/l, PO4 0,03\u20130,15 mg\/l, KH 6,5\u20138,5, Ca 400\u2013440, Mg 1300\u20131400<br \/>\n<strong>Karmienie: <\/strong>mro\u017conki (mysis, lasonogi, wrotka, czerwony plankton czy copeopods), Reef Roids, aminokwasy<br \/>\n<strong>Trudno\u015b\u0107:<\/strong>\u00a0\u015brednio wymagaj\u0105cy<\/p>\n<p><strong>Kluczowe wymagania dla utrzymania zdrowia Euphyllia glabrescens<\/strong><\/p>\n<p><strong>Przep\u0142yw wody<\/strong>\u00a0\u2013 To absolutnie najwa\u017cniejszy aspekt przy Torchach. Przep\u0142yw nie mo\u017ce by\u0107 zbyt silny ani bezpo\u015bredni, bo mo\u017ce uszkodzi\u0107 delikatn\u0105 tkank\u0119 o ostry szkielet (co prowadzi do Brown Jelly Disease). Polipy powinny \u0142agodnie falowa\u0107 we wszystkich kierunkach. Zbyt s\u0142aby ruch wody spowoduje natomiast, \u017ce koral nie b\u0119dzie skutecznie oczyszcza\u0142 si\u0119 z detrytusu.<\/p>\n<p><strong>Jako\u015b\u0107 wody<\/strong>\u00a0\u2013 W przeciwie\u0144stwie do Acropor, Euphyllie nie lubi\u0105 \u201ewyja\u0142owionej\u201d wody. Lekko wy\u017csze poziomy azotan\u00f3w i fosforan\u00f3w pomagaj\u0105 im utrzyma\u0107 mi\u0119sisto\u015b\u0107 polip\u00f3w i g\u0142\u0119bokie kolory. Wa\u017cna jest jednak stabilno\u015b\u0107 \u2013 gwa\u0142towne skoki parametr\u00f3w, zw\u0142aszcza KH, cz\u0119sto ko\u0144cz\u0105 si\u0119 szybkim zrzucaniem tkanki.<\/p>\n<p><strong>O\u015bwietlenie<\/strong>\u00a0\u2013 Euphyllie glabrescens najlepiej czuj\u0105 si\u0119 w \u015brodkowych partiach akwarium. Zbyt mocne \u015bwiat\u0142o (powy\u017cej 300 PAR) mo\u017ce powodowa\u0107 ich kurczenie si\u0119 i blakni\u0119cie (fotoinhibicj\u0119). Je\u015bli koral jest ci\u0105gle mocno \u201enapompowany\u201d, ale nie wyci\u0105ga polip\u00f3w w g\u00f3r\u0119, mo\u017ce to oznacza\u0107, \u017ce \u015bwiat\u0142a jest pod dostatkiem. Je\u015bli si\u0119 wyci\u0105ga nienaturalnie d\u0142ugo \u2013 szuka go wi\u0119cej.<\/p>\n<p><strong>Agresja i przestrze\u0144<\/strong>\u00a0\u2013 Torche maj\u0105 jedne z najsilniejszych parzyde\u0142ek (nematocyst) w\u015br\u00f3d korali LPS. Potrafi\u0105 wypuszcza\u0107 bardzo d\u0142ugie polipy \u201ebojowe\u201d (sweepers), kt\u00f3re poparz\u0105 ka\u017cdego s\u0105siada w zasi\u0119gu kilku-kilkunastu centymetr\u00f3w. Co ciekawe, r\u00f3\u017cne odmiany\u00a0<em>E. glabrescens<\/em>\u00a0zazwyczaj toleruj\u0105 si\u0119 nawzajem, tworz\u0105c pi\u0119kne \u201eogrody\u201d, ale mog\u0105 parzy\u0107 inne rodzaje Euphylli (np. Paraancora czy Divisa).<\/p>\n<p><strong>Karmienie i suplementacja<\/strong>\u00a0\u2013 Cho\u0107 \u017cyj\u0105 g\u0142\u00f3wnie dzi\u0119ki zooksantellom, regularne dokarmianie (1\u20132 razy w tygodniu) mro\u017conkami lub dedykowanym granulatem wyra\u017anie przyspiesza podzia\u0142 g\u0142\u00f3wek. Kluczowe dla budowy szkieletu jest utrzymanie stabilnego poziomu wapnia i magnezu, ale to stabilne pH i dost\u0119pno\u015b\u0107 mikroelement\u00f3w (stront, bar) sprawiaj\u0105, \u017ce tkanka u nasady szkieletu jest gruba i zdrowa.<\/p>\n<p><strong>Bezpieczna wysy\u0142ka 24h<\/strong>:\u00a0Jako jedni z nielicznych realizujemy wysy\u0142k\u0119 korali kurierem UPS zgodnie z rygorystycznymi\u00a0zasadami IATA. Ka\u017cda paczka jest profesjonalnie zapakowana w styrobox z ogrzewaczem (heatpack) , co gwarantuje dotarcie korala w idealnej kondycji.<\/p>\n<p><strong>Odbi\u00f3r osobisty w Warszawie<\/strong>:\u00a0Zapraszamy do odwiedzin naszej hodowli w Warszawie \u2013 obejrzyj korale na \u017cywo i porozmawiaj nt. hodowli korali i prowadzenia naszych akwari\u00f3w.<\/p>\n<p><strong>Gwarancja jako\u015bci<\/strong>:\u00a0Wybieraj\u0105c nasze korale, otrzymujesz okazy starannie wyselekcjonowane i gotowe do zasiedlenia Twojego zbiornika.<\/p>\n<p>Zdj\u0119cie wykonane w \u015bwietle niebieskim przy pomocy soczewki 20000K<\/p>","protected":false},"excerpt":{"rendered":"<p>Kolejna wariacja legendarnej odmiany Holy Grail Torch Nazwa:\u00a0Euphyllia glabrescens (Torch Coral) Temperatura:\u00a024\u201326\u00b0C Przep\u0142yw:\u00a0\u015bredni, umiarkowany (polipy musz\u0105 \u0142agodnie falowa\u0107) \u015awiat\u0142o:\u00a0umiarkowane PAR:\u00a0150\u2013250 Parametry wody:\u00a0NO3 5\u201320 mg\/l, PO4 0,03\u20130,15 mg\/l, KH 6,5\u20138,5, Ca&hellip;<\/p>","protected":false},"featured_media":21341,"comment_status":"closed","ping_status":"closed","template":"","meta":[],"product_brand":[],"product_cat":[73],"product_tag":[],"class_list":{"0":"post-21340","1":"product","2":"type-product","3":"status-publish","4":"has-post-thumbnail","6":"product_cat-large-polyp-stony-corals","8":"first","9":"instock","10":"taxable","11":"shipping-taxable","12":"purchasable","13":"product-type-simple"},"yoast_head":"<!-- This site is optimized with the Yoast SEO plugin v26.6 - https:\/\/yoast.com\/wordpress\/plugins\/seo\/ -->\n<title>Euphyllia Holy Grail grade B - Happy Corals<\/title>\n<meta name=\"description\" content=\"Euphyllia Holy Grail Grade B koralowiec LPS to doskona\u0142y wyb\u00f3r dla mi\u0142o\u015bnik\u00f3w akwarystyki. Odbi\u00f3r osobisty w Wawrze lub skorzystaj z wysy\u0142ki 24h!\" \/>\n<meta name=\"robots\" content=\"index, follow, max-snippet:-1, max-image-preview:large, max-video-preview:-1\" \/>\n<link rel=\"canonical\" href=\"https:\/\/happycorals.pl\/en\/sklep\/large-polyp-stony-corals\/euphyllia-holy-grail-grade-b-glabrescens-torch\/\" \/>\n<meta property=\"og:locale\" content=\"en_GB\" \/>\n<meta property=\"og:type\" content=\"article\" \/>\n<meta property=\"og:title\" content=\"Euphyllia Holy Grail grade B - Happy Corals\" \/>\n<meta property=\"og:description\" content=\"Euphyllia Holy Grail Grade B koralowiec LPS to doskona\u0142y wyb\u00f3r dla mi\u0142o\u015bnik\u00f3w akwarystyki. Odbi\u00f3r osobisty w Wawrze lub skorzystaj z wysy\u0142ki 24h!\" \/>\n<meta property=\"og:url\" content=\"https:\/\/happycorals.pl\/en\/sklep\/large-polyp-stony-corals\/euphyllia-holy-grail-grade-b-glabrescens-torch\/\" \/>\n<meta property=\"og:site_name\" content=\"Happy Corals\" \/>\n<meta property=\"article:modified_time\" content=\"2026-03-18T00:05:17+00:00\" \/>\n<meta property=\"og:image\" content=\"https:\/\/happycorals.pl\/wp-content\/uploads\/2026\/02\/7P9A9972-scaled.jpg\" \/>\n\t<meta property=\"og:image:width\" content=\"2560\" \/>\n\t<meta property=\"og:image:height\" content=\"1707\" \/>\n\t<meta property=\"og:image:type\" content=\"image\/jpeg\" \/>\n<meta name=\"twitter:card\" content=\"summary_large_image\" \/>\n<meta name=\"twitter:label1\" content=\"Estimated reading time\" \/>\n\t<meta name=\"twitter:data1\" content=\"3 minutes\" \/>\n<script type=\"application\/ld+json\" class=\"yoast-schema-graph\">{\"@context\":\"https:\/\/schema.org\",\"@graph\":[{\"@type\":\"WebPage\",\"@id\":\"https:\/\/happycorals.pl\/sklep\/large-polyp-stony-corals\/euphyllia-holy-grail-grade-b-glabrescens-torch\/\",\"url\":\"https:\/\/happycorals.pl\/sklep\/large-polyp-stony-corals\/euphyllia-holy-grail-grade-b-glabrescens-torch\/\",\"name\":\"Euphyllia Holy Grail grade B - Happy Corals\",\"isPartOf\":{\"@id\":\"https:\/\/happycorals.pl\/#website\"},\"primaryImageOfPage\":{\"@id\":\"https:\/\/happycorals.pl\/sklep\/large-polyp-stony-corals\/euphyllia-holy-grail-grade-b-glabrescens-torch\/#primaryimage\"},\"image\":{\"@id\":\"https:\/\/happycorals.pl\/sklep\/large-polyp-stony-corals\/euphyllia-holy-grail-grade-b-glabrescens-torch\/#primaryimage\"},\"thumbnailUrl\":\"https:\/\/happycorals.pl\/wp-content\/uploads\/2026\/02\/7P9A9972-scaled.jpg\",\"datePublished\":\"2026-02-20T21:23:36+00:00\",\"dateModified\":\"2026-03-18T00:05:17+00:00\",\"description\":\"Euphyllia Holy Grail Grade B koralowiec LPS to doskona\u0142y wyb\u00f3r dla mi\u0142o\u015bnik\u00f3w akwarystyki. Odbi\u00f3r osobisty w Wawrze lub skorzystaj z wysy\u0142ki 24h!\",\"breadcrumb\":{\"@id\":\"https:\/\/happycorals.pl\/sklep\/large-polyp-stony-corals\/euphyllia-holy-grail-grade-b-glabrescens-torch\/#breadcrumb\"},\"inLanguage\":\"en-GB\",\"potentialAction\":[{\"@type\":\"ReadAction\",\"target\":[\"https:\/\/happycorals.pl\/sklep\/large-polyp-stony-corals\/euphyllia-holy-grail-grade-b-glabrescens-torch\/\"]}]},{\"@type\":\"ImageObject\",\"inLanguage\":\"en-GB\",\"@id\":\"https:\/\/happycorals.pl\/sklep\/large-polyp-stony-corals\/euphyllia-holy-grail-grade-b-glabrescens-torch\/#primaryimage\",\"url\":\"https:\/\/happycorals.pl\/wp-content\/uploads\/2026\/02\/7P9A9972-scaled.jpg\",\"contentUrl\":\"https:\/\/happycorals.pl\/wp-content\/uploads\/2026\/02\/7P9A9972-scaled.jpg\",\"width\":2560,\"height\":1707},{\"@type\":\"BreadcrumbList\",\"@id\":\"https:\/\/happycorals.pl\/sklep\/large-polyp-stony-corals\/euphyllia-holy-grail-grade-b-glabrescens-torch\/#breadcrumb\",\"itemListElement\":[{\"@type\":\"ListItem\",\"position\":1,\"name\":\"Strona g\u0142\u00f3wna\",\"item\":\"https:\/\/happycorals.pl\/\"},{\"@type\":\"ListItem\",\"position\":2,\"name\":\"Sklep\",\"item\":\"https:\/\/happycorals.pl\/sklep\/\"},{\"@type\":\"ListItem\",\"position\":3,\"name\":\"Euphyllia Holy Grail grade B\"}]},{\"@type\":\"WebSite\",\"@id\":\"https:\/\/happycorals.pl\/#website\",\"url\":\"https:\/\/happycorals.pl\/\",\"name\":\"Happy Corals\",\"description\":\"Sklep z koralowcami\",\"publisher\":{\"@id\":\"https:\/\/happycorals.pl\/#organization\"},\"potentialAction\":[{\"@type\":\"SearchAction\",\"target\":{\"@type\":\"EntryPoint\",\"urlTemplate\":\"https:\/\/happycorals.pl\/?s={search_term_string}\"},\"query-input\":{\"@type\":\"PropertyValueSpecification\",\"valueRequired\":true,\"valueName\":\"search_term_string\"}}],\"inLanguage\":\"en-GB\"},{\"@type\":\"Organization\",\"@id\":\"https:\/\/happycorals.pl\/#organization\",\"name\":\"Happy Corals\",\"url\":\"https:\/\/happycorals.pl\/\",\"logo\":{\"@type\":\"ImageObject\",\"inLanguage\":\"en-GB\",\"@id\":\"https:\/\/happycorals.pl\/#\/schema\/logo\/image\/\",\"url\":\"https:\/\/happycorals.pl\/wp-content\/uploads\/2022\/03\/Happy-Corals-01-kolorowe-DRUK-2.png.png\",\"contentUrl\":\"https:\/\/happycorals.pl\/wp-content\/uploads\/2022\/03\/Happy-Corals-01-kolorowe-DRUK-2.png.png\",\"width\":2000,\"height\":2000,\"caption\":\"Happy Corals\"},\"image\":{\"@id\":\"https:\/\/happycorals.pl\/#\/schema\/logo\/image\/\"}}]}<\/script>\n<!-- \/ Yoast SEO plugin. -->","yoast_head_json":{"title":"Euphyllia Holy Grail grade B - Happy Corals","description":"Euphyllia Holy Grail Grade B koralowiec LPS to doskona\u0142y wyb\u00f3r dla mi\u0142o\u015bnik\u00f3w akwarystyki. Odbi\u00f3r osobisty w Wawrze lub skorzystaj z wysy\u0142ki 24h!","robots":{"index":"index","follow":"follow","max-snippet":"max-snippet:-1","max-image-preview":"max-image-preview:large","max-video-preview":"max-video-preview:-1"},"canonical":"https:\/\/happycorals.pl\/en\/sklep\/large-polyp-stony-corals\/euphyllia-holy-grail-grade-b-glabrescens-torch\/","og_locale":"en_GB","og_type":"article","og_title":"Euphyllia Holy Grail grade B - Happy Corals","og_description":"Euphyllia Holy Grail Grade B koralowiec LPS to doskona\u0142y wyb\u00f3r dla mi\u0142o\u015bnik\u00f3w akwarystyki. Odbi\u00f3r osobisty w Wawrze lub skorzystaj z wysy\u0142ki 24h!","og_url":"https:\/\/happycorals.pl\/en\/sklep\/large-polyp-stony-corals\/euphyllia-holy-grail-grade-b-glabrescens-torch\/","og_site_name":"Happy Corals","article_modified_time":"2026-03-18T00:05:17+00:00","og_image":[{"width":2560,"height":1707,"url":"https:\/\/happycorals.pl\/wp-content\/uploads\/2026\/02\/7P9A9972-scaled.jpg","type":"image\/jpeg"}],"twitter_card":"summary_large_image","twitter_misc":{"Estimated reading time":"3 minutes"},"schema":{"@context":"https:\/\/schema.org","@graph":[{"@type":"WebPage","@id":"https:\/\/happycorals.pl\/sklep\/large-polyp-stony-corals\/euphyllia-holy-grail-grade-b-glabrescens-torch\/","url":"https:\/\/happycorals.pl\/sklep\/large-polyp-stony-corals\/euphyllia-holy-grail-grade-b-glabrescens-torch\/","name":"Euphyllia Holy Grail grade B - Happy Corals","isPartOf":{"@id":"https:\/\/happycorals.pl\/#website"},"primaryImageOfPage":{"@id":"https:\/\/happycorals.pl\/sklep\/large-polyp-stony-corals\/euphyllia-holy-grail-grade-b-glabrescens-torch\/#primaryimage"},"image":{"@id":"https:\/\/happycorals.pl\/sklep\/large-polyp-stony-corals\/euphyllia-holy-grail-grade-b-glabrescens-torch\/#primaryimage"},"thumbnailUrl":"https:\/\/happycorals.pl\/wp-content\/uploads\/2026\/02\/7P9A9972-scaled.jpg","datePublished":"2026-02-20T21:23:36+00:00","dateModified":"2026-03-18T00:05:17+00:00","description":"Euphyllia Holy Grail Grade B koralowiec LPS to doskona\u0142y wyb\u00f3r dla mi\u0142o\u015bnik\u00f3w akwarystyki. Odbi\u00f3r osobisty w Wawrze lub skorzystaj z wysy\u0142ki 24h!","breadcrumb":{"@id":"https:\/\/happycorals.pl\/sklep\/large-polyp-stony-corals\/euphyllia-holy-grail-grade-b-glabrescens-torch\/#breadcrumb"},"inLanguage":"en-GB","potentialAction":[{"@type":"ReadAction","target":["https:\/\/happycorals.pl\/sklep\/large-polyp-stony-corals\/euphyllia-holy-grail-grade-b-glabrescens-torch\/"]}]},{"@type":"ImageObject","inLanguage":"en-GB","@id":"https:\/\/happycorals.pl\/sklep\/large-polyp-stony-corals\/euphyllia-holy-grail-grade-b-glabrescens-torch\/#primaryimage","url":"https:\/\/happycorals.pl\/wp-content\/uploads\/2026\/02\/7P9A9972-scaled.jpg","contentUrl":"https:\/\/happycorals.pl\/wp-content\/uploads\/2026\/02\/7P9A9972-scaled.jpg","width":2560,"height":1707},{"@type":"BreadcrumbList","@id":"https:\/\/happycorals.pl\/sklep\/large-polyp-stony-corals\/euphyllia-holy-grail-grade-b-glabrescens-torch\/#breadcrumb","itemListElement":[{"@type":"ListItem","position":1,"name":"Strona g\u0142\u00f3wna","item":"https:\/\/happycorals.pl\/"},{"@type":"ListItem","position":2,"name":"Sklep","item":"https:\/\/happycorals.pl\/sklep\/"},{"@type":"ListItem","position":3,"name":"Euphyllia Holy Grail grade B"}]},{"@type":"WebSite","@id":"https:\/\/happycorals.pl\/#website","url":"https:\/\/happycorals.pl\/","name":"Happy Corals","description":"Sklep z koralowcami","publisher":{"@id":"https:\/\/happycorals.pl\/#organization"},"potentialAction":[{"@type":"SearchAction","target":{"@type":"EntryPoint","urlTemplate":"https:\/\/happycorals.pl\/?s={search_term_string}"},"query-input":{"@type":"PropertyValueSpecification","valueRequired":true,"valueName":"search_term_string"}}],"inLanguage":"en-GB"},{"@type":"Organization","@id":"https:\/\/happycorals.pl\/#organization","name":"Happy Corals","url":"https:\/\/happycorals.pl\/","logo":{"@type":"ImageObject","inLanguage":"en-GB","@id":"https:\/\/happycorals.pl\/#\/schema\/logo\/image\/","url":"https:\/\/happycorals.pl\/wp-content\/uploads\/2022\/03\/Happy-Corals-01-kolorowe-DRUK-2.png.png","contentUrl":"https:\/\/happycorals.pl\/wp-content\/uploads\/2022\/03\/Happy-Corals-01-kolorowe-DRUK-2.png.png","width":2000,"height":2000,"caption":"Happy Corals"},"image":{"@id":"https:\/\/happycorals.pl\/#\/schema\/logo\/image\/"}}]}},"_links":{"self":[{"href":"https:\/\/happycorals.pl\/en\/wp-json\/wp\/v2\/product\/21340","targetHints":{"allow":["GET"]}}],"collection":[{"href":"https:\/\/happycorals.pl\/en\/wp-json\/wp\/v2\/product"}],"about":[{"href":"https:\/\/happycorals.pl\/en\/wp-json\/wp\/v2\/types\/product"}],"replies":[{"embeddable":true,"href":"https:\/\/happycorals.pl\/en\/wp-json\/wp\/v2\/comments?post=21340"}],"version-history":[{"count":9,"href":"https:\/\/happycorals.pl\/en\/wp-json\/wp\/v2\/product\/21340\/revisions"}],"predecessor-version":[{"id":21859,"href":"https:\/\/happycorals.pl\/en\/wp-json\/wp\/v2\/product\/21340\/revisions\/21859"}],"wp:featuredmedia":[{"embeddable":true,"href":"https:\/\/happycorals.pl\/en\/wp-json\/wp\/v2\/media\/21341"}],"wp:attachment":[{"href":"https:\/\/happycorals.pl\/en\/wp-json\/wp\/v2\/media?parent=21340"}],"wp:term":[{"taxonomy":"product_brand","embeddable":true,"href":"https:\/\/happycorals.pl\/en\/wp-json\/wp\/v2\/product_brand?post=21340"},{"taxonomy":"product_cat","embeddable":true,"href":"https:\/\/happycorals.pl\/en\/wp-json\/wp\/v2\/product_cat?post=21340"},{"taxonomy":"product_tag","embeddable":true,"href":"https:\/\/happycorals.pl\/en\/wp-json\/wp\/v2\/product_tag?post=21340"}],"curies":[{"name":"wp","href":"https:\/\/api.w.org\/{rel}","templated":true}]}}