{"id":21324,"date":"2026-02-20T22:14:26","date_gmt":"2026-02-20T21:14:26","guid":{"rendered":"https:\/\/happycorals.pl\/?post_type=product&#038;p=21324"},"modified":"2026-02-22T22:47:43","modified_gmt":"2026-02-22T21:47:43","slug":"21324","status":"publish","type":"product","link":"https:\/\/happycorals.pl\/en\/sklep\/large-polyp-stony-corals\/21324\/","title":{"rendered":"Acanthastrea Echinata Bugatti style RARE"},"content":{"rendered":"<p>Ciekawa kolorystycznie odmiana Acany Echinaty.<br \/>\nUmiejscowienie w akwarium: dolne partie zbiornika<br \/>\nCyrkulacja: s\u0142aba lub \u015brednia, po przyzwyczajeniu toleruje silny pr\u0105d<br \/>\n\u015awiat\u0142o: \u015arednie lub po przyzwyczajeniu mocne, lubi\u0105 przysma\u017cenie<\/p>\n<p>Mo\u017cliwa wysy\u0142ka zgodna ze standardami IATA dzi\u0119ki UPS 50z\u0142 lub odbi\u00f3r osobisty w Wawrze.<\/p>","protected":false},"excerpt":{"rendered":"<p>Ciekawa kolorystycznie odmiana Acany Echinaty. Umiejscowienie w akwarium: dolne partie zbiornika Cyrkulacja: s\u0142aba lub \u015brednia, po przyzwyczajeniu toleruje silny pr\u0105d \u015awiat\u0142o: \u015arednie lub po przyzwyczajeniu mocne, lubi\u0105 przysma\u017cenie Mo\u017cliwa wysy\u0142ka&hellip;<\/p>","protected":false},"featured_media":21325,"comment_status":"closed","ping_status":"closed","template":"","meta":[],"product_brand":[],"product_cat":[73],"product_tag":[],"class_list":{"0":"post-21324","1":"product","2":"type-product","3":"status-publish","4":"has-post-thumbnail","6":"product_cat-large-polyp-stony-corals","8":"first","9":"instock","10":"taxable","11":"shipping-taxable","12":"purchasable","13":"product-type-simple"},"yoast_head":"<!-- This site is optimized with the Yoast SEO plugin v26.6 - https:\/\/yoast.com\/wordpress\/plugins\/seo\/ -->\n<title>Acanthastrea Echinata Bugatti style RARE - Happy Corals<\/title>\n<meta name=\"robots\" content=\"index, follow, max-snippet:-1, max-image-preview:large, max-video-preview:-1\" \/>\n<link rel=\"canonical\" href=\"https:\/\/happycorals.pl\/en\/sklep\/large-polyp-stony-corals\/21324\/\" \/>\n<meta property=\"og:locale\" content=\"en_GB\" \/>\n<meta property=\"og:type\" content=\"article\" \/>\n<meta property=\"og:title\" content=\"Acanthastrea Echinata Bugatti style RARE - Happy Corals\" \/>\n<meta property=\"og:description\" content=\"Ciekawa kolorystycznie odmiana Acany Echinaty. Umiejscowienie w akwarium: dolne partie zbiornika Cyrkulacja: s\u0142aba lub \u015brednia, po przyzwyczajeniu toleruje silny pr\u0105d \u015awiat\u0142o: \u015arednie lub po przyzwyczajeniu mocne, lubi\u0105 przysma\u017cenie Mo\u017cliwa wysy\u0142ka&hellip;\" \/>\n<meta property=\"og:url\" content=\"https:\/\/happycorals.pl\/en\/sklep\/large-polyp-stony-corals\/21324\/\" \/>\n<meta property=\"og:site_name\" content=\"Happy Corals\" \/>\n<meta property=\"article:modified_time\" content=\"2026-02-22T21:47:43+00:00\" \/>\n<meta property=\"og:image\" content=\"https:\/\/happycorals.pl\/wp-content\/uploads\/2026\/02\/7P9A9942-scaled.jpg\" \/>\n\t<meta property=\"og:image:width\" content=\"2560\" \/>\n\t<meta property=\"og:image:height\" content=\"1707\" \/>\n\t<meta property=\"og:image:type\" content=\"image\/jpeg\" \/>\n<meta name=\"twitter:card\" content=\"summary_large_image\" \/>\n<meta name=\"twitter:label1\" content=\"Estimated reading time\" \/>\n\t<meta name=\"twitter:data1\" content=\"1 minute\" \/>\n<script type=\"application\/ld+json\" class=\"yoast-schema-graph\">{\"@context\":\"https:\/\/schema.org\",\"@graph\":[{\"@type\":\"WebPage\",\"@id\":\"https:\/\/happycorals.pl\/sklep\/large-polyp-stony-corals\/21324\/\",\"url\":\"https:\/\/happycorals.pl\/sklep\/large-polyp-stony-corals\/21324\/\",\"name\":\"Acanthastrea Echinata Bugatti style RARE - Happy Corals\",\"isPartOf\":{\"@id\":\"https:\/\/happycorals.pl\/#website\"},\"primaryImageOfPage\":{\"@id\":\"https:\/\/happycorals.pl\/sklep\/large-polyp-stony-corals\/21324\/#primaryimage\"},\"image\":{\"@id\":\"https:\/\/happycorals.pl\/sklep\/large-polyp-stony-corals\/21324\/#primaryimage\"},\"thumbnailUrl\":\"https:\/\/happycorals.pl\/wp-content\/uploads\/2026\/02\/7P9A9942-scaled.jpg\",\"datePublished\":\"2026-02-20T21:14:26+00:00\",\"dateModified\":\"2026-02-22T21:47:43+00:00\",\"breadcrumb\":{\"@id\":\"https:\/\/happycorals.pl\/sklep\/large-polyp-stony-corals\/21324\/#breadcrumb\"},\"inLanguage\":\"en-GB\",\"potentialAction\":[{\"@type\":\"ReadAction\",\"target\":[\"https:\/\/happycorals.pl\/sklep\/large-polyp-stony-corals\/21324\/\"]}]},{\"@type\":\"ImageObject\",\"inLanguage\":\"en-GB\",\"@id\":\"https:\/\/happycorals.pl\/sklep\/large-polyp-stony-corals\/21324\/#primaryimage\",\"url\":\"https:\/\/happycorals.pl\/wp-content\/uploads\/2026\/02\/7P9A9942-scaled.jpg\",\"contentUrl\":\"https:\/\/happycorals.pl\/wp-content\/uploads\/2026\/02\/7P9A9942-scaled.jpg\",\"width\":2560,\"height\":1707},{\"@type\":\"BreadcrumbList\",\"@id\":\"https:\/\/happycorals.pl\/sklep\/large-polyp-stony-corals\/21324\/#breadcrumb\",\"itemListElement\":[{\"@type\":\"ListItem\",\"position\":1,\"name\":\"Strona g\u0142\u00f3wna\",\"item\":\"https:\/\/happycorals.pl\/\"},{\"@type\":\"ListItem\",\"position\":2,\"name\":\"Sklep\",\"item\":\"https:\/\/happycorals.pl\/sklep\/\"},{\"@type\":\"ListItem\",\"position\":3,\"name\":\"Acanthastrea Echinata Bugatti style RARE\"}]},{\"@type\":\"WebSite\",\"@id\":\"https:\/\/happycorals.pl\/#website\",\"url\":\"https:\/\/happycorals.pl\/\",\"name\":\"Happy Corals\",\"description\":\"Sklep z koralowcami\",\"publisher\":{\"@id\":\"https:\/\/happycorals.pl\/#organization\"},\"potentialAction\":[{\"@type\":\"SearchAction\",\"target\":{\"@type\":\"EntryPoint\",\"urlTemplate\":\"https:\/\/happycorals.pl\/?s={search_term_string}\"},\"query-input\":{\"@type\":\"PropertyValueSpecification\",\"valueRequired\":true,\"valueName\":\"search_term_string\"}}],\"inLanguage\":\"en-GB\"},{\"@type\":\"Organization\",\"@id\":\"https:\/\/happycorals.pl\/#organization\",\"name\":\"Happy Corals\",\"url\":\"https:\/\/happycorals.pl\/\",\"logo\":{\"@type\":\"ImageObject\",\"inLanguage\":\"en-GB\",\"@id\":\"https:\/\/happycorals.pl\/#\/schema\/logo\/image\/\",\"url\":\"https:\/\/happycorals.pl\/wp-content\/uploads\/2022\/03\/Happy-Corals-01-kolorowe-DRUK-2.png.png\",\"contentUrl\":\"https:\/\/happycorals.pl\/wp-content\/uploads\/2022\/03\/Happy-Corals-01-kolorowe-DRUK-2.png.png\",\"width\":2000,\"height\":2000,\"caption\":\"Happy Corals\"},\"image\":{\"@id\":\"https:\/\/happycorals.pl\/#\/schema\/logo\/image\/\"}}]}<\/script>\n<!-- \/ Yoast SEO plugin. -->","yoast_head_json":{"title":"Acanthastrea Echinata Bugatti style RARE - Happy Corals","robots":{"index":"index","follow":"follow","max-snippet":"max-snippet:-1","max-image-preview":"max-image-preview:large","max-video-preview":"max-video-preview:-1"},"canonical":"https:\/\/happycorals.pl\/en\/sklep\/large-polyp-stony-corals\/21324\/","og_locale":"en_GB","og_type":"article","og_title":"Acanthastrea Echinata Bugatti style RARE - Happy Corals","og_description":"Ciekawa kolorystycznie odmiana Acany Echinaty. Umiejscowienie w akwarium: dolne partie zbiornika Cyrkulacja: s\u0142aba lub \u015brednia, po przyzwyczajeniu toleruje silny pr\u0105d \u015awiat\u0142o: \u015arednie lub po przyzwyczajeniu mocne, lubi\u0105 przysma\u017cenie Mo\u017cliwa wysy\u0142ka&hellip;","og_url":"https:\/\/happycorals.pl\/en\/sklep\/large-polyp-stony-corals\/21324\/","og_site_name":"Happy Corals","article_modified_time":"2026-02-22T21:47:43+00:00","og_image":[{"width":2560,"height":1707,"url":"https:\/\/happycorals.pl\/wp-content\/uploads\/2026\/02\/7P9A9942-scaled.jpg","type":"image\/jpeg"}],"twitter_card":"summary_large_image","twitter_misc":{"Estimated reading time":"1 minute"},"schema":{"@context":"https:\/\/schema.org","@graph":[{"@type":"WebPage","@id":"https:\/\/happycorals.pl\/sklep\/large-polyp-stony-corals\/21324\/","url":"https:\/\/happycorals.pl\/sklep\/large-polyp-stony-corals\/21324\/","name":"Acanthastrea Echinata Bugatti style RARE - Happy Corals","isPartOf":{"@id":"https:\/\/happycorals.pl\/#website"},"primaryImageOfPage":{"@id":"https:\/\/happycorals.pl\/sklep\/large-polyp-stony-corals\/21324\/#primaryimage"},"image":{"@id":"https:\/\/happycorals.pl\/sklep\/large-polyp-stony-corals\/21324\/#primaryimage"},"thumbnailUrl":"https:\/\/happycorals.pl\/wp-content\/uploads\/2026\/02\/7P9A9942-scaled.jpg","datePublished":"2026-02-20T21:14:26+00:00","dateModified":"2026-02-22T21:47:43+00:00","breadcrumb":{"@id":"https:\/\/happycorals.pl\/sklep\/large-polyp-stony-corals\/21324\/#breadcrumb"},"inLanguage":"en-GB","potentialAction":[{"@type":"ReadAction","target":["https:\/\/happycorals.pl\/sklep\/large-polyp-stony-corals\/21324\/"]}]},{"@type":"ImageObject","inLanguage":"en-GB","@id":"https:\/\/happycorals.pl\/sklep\/large-polyp-stony-corals\/21324\/#primaryimage","url":"https:\/\/happycorals.pl\/wp-content\/uploads\/2026\/02\/7P9A9942-scaled.jpg","contentUrl":"https:\/\/happycorals.pl\/wp-content\/uploads\/2026\/02\/7P9A9942-scaled.jpg","width":2560,"height":1707},{"@type":"BreadcrumbList","@id":"https:\/\/happycorals.pl\/sklep\/large-polyp-stony-corals\/21324\/#breadcrumb","itemListElement":[{"@type":"ListItem","position":1,"name":"Strona g\u0142\u00f3wna","item":"https:\/\/happycorals.pl\/"},{"@type":"ListItem","position":2,"name":"Sklep","item":"https:\/\/happycorals.pl\/sklep\/"},{"@type":"ListItem","position":3,"name":"Acanthastrea Echinata Bugatti style RARE"}]},{"@type":"WebSite","@id":"https:\/\/happycorals.pl\/#website","url":"https:\/\/happycorals.pl\/","name":"Happy Corals","description":"Sklep z koralowcami","publisher":{"@id":"https:\/\/happycorals.pl\/#organization"},"potentialAction":[{"@type":"SearchAction","target":{"@type":"EntryPoint","urlTemplate":"https:\/\/happycorals.pl\/?s={search_term_string}"},"query-input":{"@type":"PropertyValueSpecification","valueRequired":true,"valueName":"search_term_string"}}],"inLanguage":"en-GB"},{"@type":"Organization","@id":"https:\/\/happycorals.pl\/#organization","name":"Happy Corals","url":"https:\/\/happycorals.pl\/","logo":{"@type":"ImageObject","inLanguage":"en-GB","@id":"https:\/\/happycorals.pl\/#\/schema\/logo\/image\/","url":"https:\/\/happycorals.pl\/wp-content\/uploads\/2022\/03\/Happy-Corals-01-kolorowe-DRUK-2.png.png","contentUrl":"https:\/\/happycorals.pl\/wp-content\/uploads\/2022\/03\/Happy-Corals-01-kolorowe-DRUK-2.png.png","width":2000,"height":2000,"caption":"Happy Corals"},"image":{"@id":"https:\/\/happycorals.pl\/#\/schema\/logo\/image\/"}}]}},"_links":{"self":[{"href":"https:\/\/happycorals.pl\/en\/wp-json\/wp\/v2\/product\/21324","targetHints":{"allow":["GET"]}}],"collection":[{"href":"https:\/\/happycorals.pl\/en\/wp-json\/wp\/v2\/product"}],"about":[{"href":"https:\/\/happycorals.pl\/en\/wp-json\/wp\/v2\/types\/product"}],"replies":[{"embeddable":true,"href":"https:\/\/happycorals.pl\/en\/wp-json\/wp\/v2\/comments?post=21324"}],"version-history":[{"count":3,"href":"https:\/\/happycorals.pl\/en\/wp-json\/wp\/v2\/product\/21324\/revisions"}],"predecessor-version":[{"id":21380,"href":"https:\/\/happycorals.pl\/en\/wp-json\/wp\/v2\/product\/21324\/revisions\/21380"}],"wp:featuredmedia":[{"embeddable":true,"href":"https:\/\/happycorals.pl\/en\/wp-json\/wp\/v2\/media\/21325"}],"wp:attachment":[{"href":"https:\/\/happycorals.pl\/en\/wp-json\/wp\/v2\/media?parent=21324"}],"wp:term":[{"taxonomy":"product_brand","embeddable":true,"href":"https:\/\/happycorals.pl\/en\/wp-json\/wp\/v2\/product_brand?post=21324"},{"taxonomy":"product_cat","embeddable":true,"href":"https:\/\/happycorals.pl\/en\/wp-json\/wp\/v2\/product_cat?post=21324"},{"taxonomy":"product_tag","embeddable":true,"href":"https:\/\/happycorals.pl\/en\/wp-json\/wp\/v2\/product_tag?post=21324"}],"curies":[{"name":"wp","href":"https:\/\/api.w.org\/{rel}","templated":true}]}}