{"id":21063,"date":"2026-01-20T01:10:46","date_gmt":"2026-01-20T00:10:46","guid":{"rendered":"https:\/\/happycorals.pl\/?post_type=product&#038;p=21063"},"modified":"2026-02-17T21:10:18","modified_gmt":"2026-02-17T20:10:18","slug":"blastomussa-wellsi","status":"publish","type":"product","link":"https:\/\/happycorals.pl\/en\/sklep\/large-polyp-stony-corals\/blastomussa-wellsi\/","title":{"rendered":"Blastomussa Wellsi"},"content":{"rendered":"<div role=\"heading\" aria-level=\"3\" data-animation-nesting=\"\" data-sfc-cp=\"\" data-complete=\"true\" data-processed=\"true\">\n<div data-sfc-cp=\"\" data-complete=\"true\" data-processed=\"true\">\n<p><strong>Wymagania i Hodowla<\/strong><\/p>\n<\/div>\n<\/div>\n<div class=\"Y3BBE\" data-sfc-cp=\"\" data-hveid=\"CAEICBAA\" data-complete=\"true\" data-processed=\"true\">Blastomussa Wellsi jest ch\u0119tnie kupowan\u0105 odmian\u0105 przez akwaryst\u00f3w, wybacza wiele b\u0142\u0119d\u00f3w, lubi dokarmianie.<\/div>\n<div data-sfc-cp=\"\" data-hveid=\"CAEICBAA\" data-complete=\"true\" data-processed=\"true\"><\/div>\n<p><span class=\"T286Pc\" data-sfc-cp=\"\" data-complete=\"true\" data-processed=\"true\"><strong class=\"Yjhzub\" data-complete=\"true\" data-processed=\"true\">\u015awiat\u0142o:<\/strong> \u015arednie (ok. 100\u2013150 PAR).<\/span><\/p>\n<p><span class=\"T286Pc\" data-sfc-cp=\"\" data-complete=\"true\" data-processed=\"true\"><strong class=\"Yjhzub\" data-complete=\"true\" data-processed=\"true\">Przep\u0142yw wody:<\/strong> S\u0142aby do \u015bredniego. Woda powinna omiata\u0107 lekko polipy, aby zapobiega\u0107 osadzaniu si\u0119 detrytusu, ale nie mo\u017ce by\u0107 na tyle silna, by nimi miota\u0107.<\/span><\/p>","protected":false},"excerpt":{"rendered":"<p>Wymagania i Hodowla Blastomussa Wellsi jest ch\u0119tnie kupowan\u0105 odmian\u0105 przez akwaryst\u00f3w, wybacza wiele b\u0142\u0119d\u00f3w, lubi dokarmianie. \u015awiat\u0142o: \u015arednie (ok. 100\u2013150 PAR). Przep\u0142yw wody: S\u0142aby do \u015bredniego. Woda powinna omiata\u0107 lekko&hellip;<\/p>","protected":false},"featured_media":21064,"comment_status":"closed","ping_status":"closed","template":"","meta":[],"product_brand":[],"product_cat":[73],"product_tag":[],"class_list":{"0":"post-21063","1":"product","2":"type-product","3":"status-publish","4":"has-post-thumbnail","6":"product_cat-large-polyp-stony-corals","7":"product_shipping_class-przesylka-ogrzewana","9":"first","10":"instock","11":"taxable","12":"shipping-taxable","13":"purchasable","14":"product-type-simple"},"yoast_head":"<!-- This site is optimized with the Yoast SEO plugin v26.6 - https:\/\/yoast.com\/wordpress\/plugins\/seo\/ -->\n<title>Blastomussa Wellsi - Happy Corals<\/title>\n<meta name=\"robots\" content=\"index, follow, max-snippet:-1, max-image-preview:large, max-video-preview:-1\" \/>\n<link rel=\"canonical\" href=\"https:\/\/happycorals.pl\/en\/sklep\/large-polyp-stony-corals\/blastomussa-wellsi\/\" \/>\n<meta property=\"og:locale\" content=\"en_GB\" \/>\n<meta property=\"og:type\" content=\"article\" \/>\n<meta property=\"og:title\" content=\"Blastomussa Wellsi - Happy Corals\" \/>\n<meta property=\"og:description\" content=\"Wymagania i Hodowla Blastomussa Wellsi jest ch\u0119tnie kupowan\u0105 odmian\u0105 przez akwaryst\u00f3w, wybacza wiele b\u0142\u0119d\u00f3w, lubi dokarmianie. \u015awiat\u0142o: \u015arednie (ok. 100\u2013150 PAR). Przep\u0142yw wody: S\u0142aby do \u015bredniego. Woda powinna omiata\u0107 lekko&hellip;\" \/>\n<meta property=\"og:url\" content=\"https:\/\/happycorals.pl\/en\/sklep\/large-polyp-stony-corals\/blastomussa-wellsi\/\" \/>\n<meta property=\"og:site_name\" content=\"Happy Corals\" \/>\n<meta property=\"article:modified_time\" content=\"2026-02-17T20:10:18+00:00\" \/>\n<meta property=\"og:image\" content=\"https:\/\/happycorals.pl\/wp-content\/uploads\/2026\/01\/20260119_201650.jpg\" \/>\n\t<meta property=\"og:image:width\" content=\"2384\" \/>\n\t<meta property=\"og:image:height\" content=\"1776\" \/>\n\t<meta property=\"og:image:type\" content=\"image\/jpeg\" \/>\n<meta name=\"twitter:card\" content=\"summary_large_image\" \/>\n<meta name=\"twitter:label1\" content=\"Estimated reading time\" \/>\n\t<meta name=\"twitter:data1\" content=\"1 minute\" \/>\n<script type=\"application\/ld+json\" class=\"yoast-schema-graph\">{\"@context\":\"https:\/\/schema.org\",\"@graph\":[{\"@type\":\"WebPage\",\"@id\":\"https:\/\/happycorals.pl\/sklep\/large-polyp-stony-corals\/blastomussa-wellsi\/\",\"url\":\"https:\/\/happycorals.pl\/sklep\/large-polyp-stony-corals\/blastomussa-wellsi\/\",\"name\":\"Blastomussa Wellsi - Happy Corals\",\"isPartOf\":{\"@id\":\"https:\/\/happycorals.pl\/#website\"},\"primaryImageOfPage\":{\"@id\":\"https:\/\/happycorals.pl\/sklep\/large-polyp-stony-corals\/blastomussa-wellsi\/#primaryimage\"},\"image\":{\"@id\":\"https:\/\/happycorals.pl\/sklep\/large-polyp-stony-corals\/blastomussa-wellsi\/#primaryimage\"},\"thumbnailUrl\":\"https:\/\/happycorals.pl\/wp-content\/uploads\/2026\/01\/20260119_201650.jpg\",\"datePublished\":\"2026-01-20T00:10:46+00:00\",\"dateModified\":\"2026-02-17T20:10:18+00:00\",\"breadcrumb\":{\"@id\":\"https:\/\/happycorals.pl\/sklep\/large-polyp-stony-corals\/blastomussa-wellsi\/#breadcrumb\"},\"inLanguage\":\"en-GB\",\"potentialAction\":[{\"@type\":\"ReadAction\",\"target\":[\"https:\/\/happycorals.pl\/sklep\/large-polyp-stony-corals\/blastomussa-wellsi\/\"]}]},{\"@type\":\"ImageObject\",\"inLanguage\":\"en-GB\",\"@id\":\"https:\/\/happycorals.pl\/sklep\/large-polyp-stony-corals\/blastomussa-wellsi\/#primaryimage\",\"url\":\"https:\/\/happycorals.pl\/wp-content\/uploads\/2026\/01\/20260119_201650.jpg\",\"contentUrl\":\"https:\/\/happycorals.pl\/wp-content\/uploads\/2026\/01\/20260119_201650.jpg\",\"width\":2384,\"height\":1776},{\"@type\":\"BreadcrumbList\",\"@id\":\"https:\/\/happycorals.pl\/sklep\/large-polyp-stony-corals\/blastomussa-wellsi\/#breadcrumb\",\"itemListElement\":[{\"@type\":\"ListItem\",\"position\":1,\"name\":\"Strona g\u0142\u00f3wna\",\"item\":\"https:\/\/happycorals.pl\/\"},{\"@type\":\"ListItem\",\"position\":2,\"name\":\"Sklep\",\"item\":\"https:\/\/happycorals.pl\/sklep\/\"},{\"@type\":\"ListItem\",\"position\":3,\"name\":\"Blastomussa Wellsi\"}]},{\"@type\":\"WebSite\",\"@id\":\"https:\/\/happycorals.pl\/#website\",\"url\":\"https:\/\/happycorals.pl\/\",\"name\":\"Happy Corals\",\"description\":\"Sklep z koralowcami\",\"publisher\":{\"@id\":\"https:\/\/happycorals.pl\/#organization\"},\"potentialAction\":[{\"@type\":\"SearchAction\",\"target\":{\"@type\":\"EntryPoint\",\"urlTemplate\":\"https:\/\/happycorals.pl\/?s={search_term_string}\"},\"query-input\":{\"@type\":\"PropertyValueSpecification\",\"valueRequired\":true,\"valueName\":\"search_term_string\"}}],\"inLanguage\":\"en-GB\"},{\"@type\":\"Organization\",\"@id\":\"https:\/\/happycorals.pl\/#organization\",\"name\":\"Happy Corals\",\"url\":\"https:\/\/happycorals.pl\/\",\"logo\":{\"@type\":\"ImageObject\",\"inLanguage\":\"en-GB\",\"@id\":\"https:\/\/happycorals.pl\/#\/schema\/logo\/image\/\",\"url\":\"https:\/\/happycorals.pl\/wp-content\/uploads\/2022\/03\/Happy-Corals-01-kolorowe-DRUK-2.png.png\",\"contentUrl\":\"https:\/\/happycorals.pl\/wp-content\/uploads\/2022\/03\/Happy-Corals-01-kolorowe-DRUK-2.png.png\",\"width\":2000,\"height\":2000,\"caption\":\"Happy Corals\"},\"image\":{\"@id\":\"https:\/\/happycorals.pl\/#\/schema\/logo\/image\/\"}}]}<\/script>\n<!-- \/ Yoast SEO plugin. -->","yoast_head_json":{"title":"Blastomussa Wellsi - Happy Corals","robots":{"index":"index","follow":"follow","max-snippet":"max-snippet:-1","max-image-preview":"max-image-preview:large","max-video-preview":"max-video-preview:-1"},"canonical":"https:\/\/happycorals.pl\/en\/sklep\/large-polyp-stony-corals\/blastomussa-wellsi\/","og_locale":"en_GB","og_type":"article","og_title":"Blastomussa Wellsi - Happy Corals","og_description":"Wymagania i Hodowla Blastomussa Wellsi jest ch\u0119tnie kupowan\u0105 odmian\u0105 przez akwaryst\u00f3w, wybacza wiele b\u0142\u0119d\u00f3w, lubi dokarmianie. \u015awiat\u0142o: \u015arednie (ok. 100\u2013150 PAR). Przep\u0142yw wody: S\u0142aby do \u015bredniego. Woda powinna omiata\u0107 lekko&hellip;","og_url":"https:\/\/happycorals.pl\/en\/sklep\/large-polyp-stony-corals\/blastomussa-wellsi\/","og_site_name":"Happy Corals","article_modified_time":"2026-02-17T20:10:18+00:00","og_image":[{"width":2384,"height":1776,"url":"https:\/\/happycorals.pl\/wp-content\/uploads\/2026\/01\/20260119_201650.jpg","type":"image\/jpeg"}],"twitter_card":"summary_large_image","twitter_misc":{"Estimated reading time":"1 minute"},"schema":{"@context":"https:\/\/schema.org","@graph":[{"@type":"WebPage","@id":"https:\/\/happycorals.pl\/sklep\/large-polyp-stony-corals\/blastomussa-wellsi\/","url":"https:\/\/happycorals.pl\/sklep\/large-polyp-stony-corals\/blastomussa-wellsi\/","name":"Blastomussa Wellsi - Happy Corals","isPartOf":{"@id":"https:\/\/happycorals.pl\/#website"},"primaryImageOfPage":{"@id":"https:\/\/happycorals.pl\/sklep\/large-polyp-stony-corals\/blastomussa-wellsi\/#primaryimage"},"image":{"@id":"https:\/\/happycorals.pl\/sklep\/large-polyp-stony-corals\/blastomussa-wellsi\/#primaryimage"},"thumbnailUrl":"https:\/\/happycorals.pl\/wp-content\/uploads\/2026\/01\/20260119_201650.jpg","datePublished":"2026-01-20T00:10:46+00:00","dateModified":"2026-02-17T20:10:18+00:00","breadcrumb":{"@id":"https:\/\/happycorals.pl\/sklep\/large-polyp-stony-corals\/blastomussa-wellsi\/#breadcrumb"},"inLanguage":"en-GB","potentialAction":[{"@type":"ReadAction","target":["https:\/\/happycorals.pl\/sklep\/large-polyp-stony-corals\/blastomussa-wellsi\/"]}]},{"@type":"ImageObject","inLanguage":"en-GB","@id":"https:\/\/happycorals.pl\/sklep\/large-polyp-stony-corals\/blastomussa-wellsi\/#primaryimage","url":"https:\/\/happycorals.pl\/wp-content\/uploads\/2026\/01\/20260119_201650.jpg","contentUrl":"https:\/\/happycorals.pl\/wp-content\/uploads\/2026\/01\/20260119_201650.jpg","width":2384,"height":1776},{"@type":"BreadcrumbList","@id":"https:\/\/happycorals.pl\/sklep\/large-polyp-stony-corals\/blastomussa-wellsi\/#breadcrumb","itemListElement":[{"@type":"ListItem","position":1,"name":"Strona g\u0142\u00f3wna","item":"https:\/\/happycorals.pl\/"},{"@type":"ListItem","position":2,"name":"Sklep","item":"https:\/\/happycorals.pl\/sklep\/"},{"@type":"ListItem","position":3,"name":"Blastomussa Wellsi"}]},{"@type":"WebSite","@id":"https:\/\/happycorals.pl\/#website","url":"https:\/\/happycorals.pl\/","name":"Happy Corals","description":"Sklep z koralowcami","publisher":{"@id":"https:\/\/happycorals.pl\/#organization"},"potentialAction":[{"@type":"SearchAction","target":{"@type":"EntryPoint","urlTemplate":"https:\/\/happycorals.pl\/?s={search_term_string}"},"query-input":{"@type":"PropertyValueSpecification","valueRequired":true,"valueName":"search_term_string"}}],"inLanguage":"en-GB"},{"@type":"Organization","@id":"https:\/\/happycorals.pl\/#organization","name":"Happy Corals","url":"https:\/\/happycorals.pl\/","logo":{"@type":"ImageObject","inLanguage":"en-GB","@id":"https:\/\/happycorals.pl\/#\/schema\/logo\/image\/","url":"https:\/\/happycorals.pl\/wp-content\/uploads\/2022\/03\/Happy-Corals-01-kolorowe-DRUK-2.png.png","contentUrl":"https:\/\/happycorals.pl\/wp-content\/uploads\/2022\/03\/Happy-Corals-01-kolorowe-DRUK-2.png.png","width":2000,"height":2000,"caption":"Happy Corals"},"image":{"@id":"https:\/\/happycorals.pl\/#\/schema\/logo\/image\/"}}]}},"_links":{"self":[{"href":"https:\/\/happycorals.pl\/en\/wp-json\/wp\/v2\/product\/21063","targetHints":{"allow":["GET"]}}],"collection":[{"href":"https:\/\/happycorals.pl\/en\/wp-json\/wp\/v2\/product"}],"about":[{"href":"https:\/\/happycorals.pl\/en\/wp-json\/wp\/v2\/types\/product"}],"replies":[{"embeddable":true,"href":"https:\/\/happycorals.pl\/en\/wp-json\/wp\/v2\/comments?post=21063"}],"version-history":[{"count":3,"href":"https:\/\/happycorals.pl\/en\/wp-json\/wp\/v2\/product\/21063\/revisions"}],"predecessor-version":[{"id":21067,"href":"https:\/\/happycorals.pl\/en\/wp-json\/wp\/v2\/product\/21063\/revisions\/21067"}],"wp:featuredmedia":[{"embeddable":true,"href":"https:\/\/happycorals.pl\/en\/wp-json\/wp\/v2\/media\/21064"}],"wp:attachment":[{"href":"https:\/\/happycorals.pl\/en\/wp-json\/wp\/v2\/media?parent=21063"}],"wp:term":[{"taxonomy":"product_brand","embeddable":true,"href":"https:\/\/happycorals.pl\/en\/wp-json\/wp\/v2\/product_brand?post=21063"},{"taxonomy":"product_cat","embeddable":true,"href":"https:\/\/happycorals.pl\/en\/wp-json\/wp\/v2\/product_cat?post=21063"},{"taxonomy":"product_tag","embeddable":true,"href":"https:\/\/happycorals.pl\/en\/wp-json\/wp\/v2\/product_tag?post=21063"}],"curies":[{"name":"wp","href":"https:\/\/api.w.org\/{rel}","templated":true}]}}