{"id":20971,"date":"2025-12-18T01:15:15","date_gmt":"2025-12-18T00:15:15","guid":{"rendered":"https:\/\/happycorals.pl\/?post_type=product&#038;p=20971"},"modified":"2026-03-17T01:53:36","modified_gmt":"2026-03-17T00:53:36","slug":"euphyllia-glabrescens-dragon-tamer","status":"publish","type":"product","link":"https:\/\/happycorals.pl\/en\/sklep\/large-polyp-stony-corals\/euphyllia-glabrescens-dragon-tamer\/","title":{"rendered":"Euphyllia Glabrescens Dragon Tamer"},"content":{"rendered":"<p><strong class=\"Yjhzub\" data-complete=\"true\" data-processed=\"true\">Euphyllia Dragon Tamer<\/strong> jest klasyfikowana jako <em class=\"eujQNb\" data-complete=\"true\" data-processed=\"true\">Euphyllia glabrescens,<\/em> to jedna z naszych ulubionych odmian koralowc\u00f3w typu Torch. Ze wzgl\u0119du na swoj\u0105 kolorystyk\u0119, cz\u0119sto bywa mylona z Holy Grailem. Jest bardzo fajn\u0105 odmian\u0105 na kolejny krok z poziomu lajka do zabawy z akwarystyk\u0105 morsk\u0105 &#8211; wybaczy wiele b\u0142\u0119d\u00f3w.<\/p>\n<p><strong>Nazwa:<\/strong>\u00a0Euphyllia glabrescens (Torch Coral)<br \/>\n<strong>Temperatura:<\/strong>\u00a024\u201326\u00b0C<br \/>\n<strong>Przep\u0142yw:<\/strong>\u00a0\u015bredni, umiarkowany (polipy musz\u0105 \u0142agodnie falowa\u0107)<br \/>\n<strong>\u015awiat\u0142o:<\/strong>\u00a0umiarkowane<br \/>\n<strong>PAR:<\/strong>\u00a0150\u2013250<br \/>\n<strong>Parametry wody:<\/strong>\u00a0NO3 5\u201320 mg\/l, PO4 0,03\u20130,15 mg\/l, KH 6,5\u20138,5, Ca 400\u2013440, Mg 1300\u20131400<br \/>\n<strong>Karmienie: <\/strong>mro\u017conki (mysis, lasonogi, wrotka, czerwony plankton czy copeopods), Reef Roids, aminokwasy<br \/>\n<strong>Trudno\u015b\u0107:<\/strong>\u00a0\u015brednio wymagaj\u0105cy<\/p>\n<p><strong>Kluczowe wymagania dla utrzymania zdrowia Euphyllia glabrescens<\/strong><\/p>\n<p><strong>Przep\u0142yw wody<\/strong>\u00a0\u2013 To absolutnie najwa\u017cniejszy aspekt przy Torchach. Przep\u0142yw nie mo\u017ce by\u0107 zbyt silny ani bezpo\u015bredni, bo mo\u017ce uszkodzi\u0107 delikatn\u0105 tkank\u0119 o ostry szkielet (co prowadzi do Brown Jelly Disease). Polipy powinny \u0142agodnie falowa\u0107 we wszystkich kierunkach. Zbyt s\u0142aby ruch wody spowoduje natomiast, \u017ce koral nie b\u0119dzie skutecznie oczyszcza\u0142 si\u0119 z detrytusu.<\/p>\n<p><strong>Jako\u015b\u0107 wody<\/strong>\u00a0\u2013 W przeciwie\u0144stwie do Acropor, Euphyllie nie lubi\u0105 \u201ewyja\u0142owionej\u201d wody. Lekko wy\u017csze poziomy azotan\u00f3w i fosforan\u00f3w pomagaj\u0105 im utrzyma\u0107 mi\u0119sisto\u015b\u0107 polip\u00f3w i g\u0142\u0119bokie kolory. Wa\u017cna jest jednak stabilno\u015b\u0107 \u2013 gwa\u0142towne skoki parametr\u00f3w, zw\u0142aszcza KH, cz\u0119sto ko\u0144cz\u0105 si\u0119 szybkim zrzucaniem tkanki.<\/p>\n<p><strong>O\u015bwietlenie<\/strong>\u00a0\u2013 Euphyllie glabrescens najlepiej czuj\u0105 si\u0119 w \u015brodkowych partiach akwarium. Zbyt mocne \u015bwiat\u0142o (powy\u017cej 300 PAR) mo\u017ce powodowa\u0107 ich kurczenie si\u0119 i blakni\u0119cie (fotoinhibicj\u0119). Je\u015bli koralowiec jest ci\u0105gle mocno \u201enapompowany\u201d, ale nie wyci\u0105ga polip\u00f3w w g\u00f3r\u0119, mo\u017ce to oznacza\u0107, \u017ce \u015bwiat\u0142a jest pod dostatkiem. Je\u015bli si\u0119 wyci\u0105ga nienaturalnie d\u0142ugo \u2013 szuka go wi\u0119cej.<\/p>\n<p><strong>Agresja i przestrze\u0144<\/strong>\u00a0\u2013 Torche maj\u0105 jedne z najsilniejszych parzyde\u0142ek (nematocyst) w\u015br\u00f3d koralowc\u00f3w LPS. Potrafi\u0105 wypuszcza\u0107 bardzo d\u0142ugie polipy \u201ebojowe\u201d (sweepers), kt\u00f3re poparz\u0105 ka\u017cdego s\u0105siada w zasi\u0119gu kilku-kilkunastu centymetr\u00f3w. Co ciekawe, r\u00f3\u017cne odmiany\u00a0<em>E. glabrescens<\/em>\u00a0zazwyczaj toleruj\u0105 si\u0119 nawzajem, tworz\u0105c pi\u0119kne \u201eogrody\u201d, ale mog\u0105 parzy\u0107 inne rodzaje Euphylli (np. Paraancora czy Divisa).<\/p>\n<p><strong>Karmienie i suplementacja<\/strong>\u00a0\u2013 Cho\u0107 \u017cyj\u0105 g\u0142\u00f3wnie dzi\u0119ki zooksantellom, regularne dokarmianie (1\u20132 razy w tygodniu) mro\u017conkami lub dedykowanym granulatem wyra\u017anie przyspiesza podzia\u0142 g\u0142\u00f3wek. Kluczowe dla budowy szkieletu jest utrzymanie stabilnego poziomu wapnia i magnezu, ale to stabilne pH i dost\u0119pno\u015b\u0107 mikroelement\u00f3w (stront, bar) sprawiaj\u0105, \u017ce tkanka u nasady szkieletu jest gruba i zdrowa.<\/p>\n<p><strong>Bezpieczna wysy\u0142ka 24h<\/strong>:\u00a0Jako jedni z nielicznych realizujemy wysy\u0142k\u0119 koralowc\u00f3w kurierem UPS zgodnie z rygorystycznymi\u00a0zasadami IATA. Ka\u017cda paczka jest profesjonalnie zapakowana w styrobox z ogrzewaczem (heatpack) , co gwarantuje dotarcie zwierz\u0105t w idealnej kondycji.<\/p>\n<p><strong>Odbi\u00f3r osobisty w Warszawie<\/strong>:\u00a0Zapraszamy do odwiedzin naszej hodowli w Warszawie \u2013 obejrzyj koralowce na \u017cywo i porozmawiaj nt. hodowli koralowc\u00f3w i prowadzenia naszych akwari\u00f3w.<\/p>\n<p><strong>Gwarancja jako\u015bci<\/strong>:\u00a0Wybieraj\u0105c nasze koralowce, otrzymujesz zwierz\u0119ta starannie wyselekcjonowane i gotowe do zasiedlenia Twojego zbiornika.<\/p>\n<p>Zdj\u0119cie wykonane w \u015bwietle niebieskim przy pomocy soczewki 20000K<\/p>","protected":false},"excerpt":{"rendered":"<p>Euphyllia Dragon Tamer jest klasyfikowana jako Euphyllia glabrescens, to jedna z naszych ulubionych odmian koralowc\u00f3w typu Torch. Ze wzgl\u0119du na swoj\u0105 kolorystyk\u0119, cz\u0119sto bywa mylona z Holy Grailem. Jest bardzo&hellip;<\/p>","protected":false},"featured_media":20972,"comment_status":"closed","ping_status":"closed","template":"","meta":[],"product_brand":[],"product_cat":[73],"product_tag":[],"class_list":{"0":"post-20971","1":"product","2":"type-product","3":"status-publish","4":"has-post-thumbnail","6":"product_cat-large-polyp-stony-corals","7":"product_shipping_class-przesylka-ogrzewana","9":"first","10":"instock","11":"taxable","12":"shipping-taxable","13":"purchasable","14":"product-type-simple"},"yoast_head":"<!-- This site is optimized with the Yoast SEO plugin v26.6 - https:\/\/yoast.com\/wordpress\/plugins\/seo\/ -->\n<title>Euphyllia Glabrescens Dragon Tamer - Happy Corals<\/title>\n<meta name=\"robots\" content=\"index, follow, max-snippet:-1, max-image-preview:large, max-video-preview:-1\" \/>\n<link rel=\"canonical\" href=\"https:\/\/happycorals.pl\/en\/sklep\/large-polyp-stony-corals\/euphyllia-glabrescens-dragon-tamer\/\" \/>\n<meta property=\"og:locale\" content=\"en_GB\" \/>\n<meta property=\"og:type\" content=\"article\" \/>\n<meta property=\"og:title\" content=\"Euphyllia Glabrescens Dragon Tamer - Happy Corals\" \/>\n<meta property=\"og:description\" content=\"Euphyllia Dragon Tamer jest klasyfikowana jako Euphyllia glabrescens, to jedna z naszych ulubionych odmian koralowc\u00f3w typu Torch. Ze wzgl\u0119du na swoj\u0105 kolorystyk\u0119, cz\u0119sto bywa mylona z Holy Grailem. Jest bardzo&hellip;\" \/>\n<meta property=\"og:url\" content=\"https:\/\/happycorals.pl\/en\/sklep\/large-polyp-stony-corals\/euphyllia-glabrescens-dragon-tamer\/\" \/>\n<meta property=\"og:site_name\" content=\"Happy Corals\" \/>\n<meta property=\"article:modified_time\" content=\"2026-03-17T00:53:36+00:00\" \/>\n<meta property=\"og:image\" content=\"https:\/\/happycorals.pl\/wp-content\/uploads\/2025\/12\/Euphyllia-Dragon-Tamer-Torch.jpg\" \/>\n\t<meta property=\"og:image:width\" content=\"1451\" \/>\n\t<meta property=\"og:image:height\" content=\"1033\" \/>\n\t<meta property=\"og:image:type\" content=\"image\/jpeg\" \/>\n<meta name=\"twitter:card\" content=\"summary_large_image\" \/>\n<meta name=\"twitter:label1\" content=\"Estimated reading time\" \/>\n\t<meta name=\"twitter:data1\" content=\"3 minutes\" \/>\n<script type=\"application\/ld+json\" class=\"yoast-schema-graph\">{\"@context\":\"https:\/\/schema.org\",\"@graph\":[{\"@type\":\"WebPage\",\"@id\":\"https:\/\/happycorals.pl\/sklep\/large-polyp-stony-corals\/euphyllia-glabrescens-dragon-tamer\/\",\"url\":\"https:\/\/happycorals.pl\/sklep\/large-polyp-stony-corals\/euphyllia-glabrescens-dragon-tamer\/\",\"name\":\"Euphyllia Glabrescens Dragon Tamer - Happy Corals\",\"isPartOf\":{\"@id\":\"https:\/\/happycorals.pl\/#website\"},\"primaryImageOfPage\":{\"@id\":\"https:\/\/happycorals.pl\/sklep\/large-polyp-stony-corals\/euphyllia-glabrescens-dragon-tamer\/#primaryimage\"},\"image\":{\"@id\":\"https:\/\/happycorals.pl\/sklep\/large-polyp-stony-corals\/euphyllia-glabrescens-dragon-tamer\/#primaryimage\"},\"thumbnailUrl\":\"https:\/\/happycorals.pl\/wp-content\/uploads\/2025\/12\/Euphyllia-Dragon-Tamer-Torch.jpg\",\"datePublished\":\"2025-12-18T00:15:15+00:00\",\"dateModified\":\"2026-03-17T00:53:36+00:00\",\"breadcrumb\":{\"@id\":\"https:\/\/happycorals.pl\/sklep\/large-polyp-stony-corals\/euphyllia-glabrescens-dragon-tamer\/#breadcrumb\"},\"inLanguage\":\"en-GB\",\"potentialAction\":[{\"@type\":\"ReadAction\",\"target\":[\"https:\/\/happycorals.pl\/sklep\/large-polyp-stony-corals\/euphyllia-glabrescens-dragon-tamer\/\"]}]},{\"@type\":\"ImageObject\",\"inLanguage\":\"en-GB\",\"@id\":\"https:\/\/happycorals.pl\/sklep\/large-polyp-stony-corals\/euphyllia-glabrescens-dragon-tamer\/#primaryimage\",\"url\":\"https:\/\/happycorals.pl\/wp-content\/uploads\/2025\/12\/Euphyllia-Dragon-Tamer-Torch.jpg\",\"contentUrl\":\"https:\/\/happycorals.pl\/wp-content\/uploads\/2025\/12\/Euphyllia-Dragon-Tamer-Torch.jpg\",\"width\":1451,\"height\":1033},{\"@type\":\"BreadcrumbList\",\"@id\":\"https:\/\/happycorals.pl\/sklep\/large-polyp-stony-corals\/euphyllia-glabrescens-dragon-tamer\/#breadcrumb\",\"itemListElement\":[{\"@type\":\"ListItem\",\"position\":1,\"name\":\"Strona g\u0142\u00f3wna\",\"item\":\"https:\/\/happycorals.pl\/\"},{\"@type\":\"ListItem\",\"position\":2,\"name\":\"Sklep\",\"item\":\"https:\/\/happycorals.pl\/sklep\/\"},{\"@type\":\"ListItem\",\"position\":3,\"name\":\"Euphyllia Glabrescens Dragon Tamer\"}]},{\"@type\":\"WebSite\",\"@id\":\"https:\/\/happycorals.pl\/#website\",\"url\":\"https:\/\/happycorals.pl\/\",\"name\":\"Happy Corals\",\"description\":\"Sklep z koralowcami\",\"publisher\":{\"@id\":\"https:\/\/happycorals.pl\/#organization\"},\"potentialAction\":[{\"@type\":\"SearchAction\",\"target\":{\"@type\":\"EntryPoint\",\"urlTemplate\":\"https:\/\/happycorals.pl\/?s={search_term_string}\"},\"query-input\":{\"@type\":\"PropertyValueSpecification\",\"valueRequired\":true,\"valueName\":\"search_term_string\"}}],\"inLanguage\":\"en-GB\"},{\"@type\":\"Organization\",\"@id\":\"https:\/\/happycorals.pl\/#organization\",\"name\":\"Happy Corals\",\"url\":\"https:\/\/happycorals.pl\/\",\"logo\":{\"@type\":\"ImageObject\",\"inLanguage\":\"en-GB\",\"@id\":\"https:\/\/happycorals.pl\/#\/schema\/logo\/image\/\",\"url\":\"https:\/\/happycorals.pl\/wp-content\/uploads\/2022\/03\/Happy-Corals-01-kolorowe-DRUK-2.png.png\",\"contentUrl\":\"https:\/\/happycorals.pl\/wp-content\/uploads\/2022\/03\/Happy-Corals-01-kolorowe-DRUK-2.png.png\",\"width\":2000,\"height\":2000,\"caption\":\"Happy Corals\"},\"image\":{\"@id\":\"https:\/\/happycorals.pl\/#\/schema\/logo\/image\/\"}}]}<\/script>\n<!-- \/ Yoast SEO plugin. -->","yoast_head_json":{"title":"Euphyllia Glabrescens Dragon Tamer - Happy Corals","robots":{"index":"index","follow":"follow","max-snippet":"max-snippet:-1","max-image-preview":"max-image-preview:large","max-video-preview":"max-video-preview:-1"},"canonical":"https:\/\/happycorals.pl\/en\/sklep\/large-polyp-stony-corals\/euphyllia-glabrescens-dragon-tamer\/","og_locale":"en_GB","og_type":"article","og_title":"Euphyllia Glabrescens Dragon Tamer - Happy Corals","og_description":"Euphyllia Dragon Tamer jest klasyfikowana jako Euphyllia glabrescens, to jedna z naszych ulubionych odmian koralowc\u00f3w typu Torch. Ze wzgl\u0119du na swoj\u0105 kolorystyk\u0119, cz\u0119sto bywa mylona z Holy Grailem. Jest bardzo&hellip;","og_url":"https:\/\/happycorals.pl\/en\/sklep\/large-polyp-stony-corals\/euphyllia-glabrescens-dragon-tamer\/","og_site_name":"Happy Corals","article_modified_time":"2026-03-17T00:53:36+00:00","og_image":[{"width":1451,"height":1033,"url":"https:\/\/happycorals.pl\/wp-content\/uploads\/2025\/12\/Euphyllia-Dragon-Tamer-Torch.jpg","type":"image\/jpeg"}],"twitter_card":"summary_large_image","twitter_misc":{"Estimated reading time":"3 minutes"},"schema":{"@context":"https:\/\/schema.org","@graph":[{"@type":"WebPage","@id":"https:\/\/happycorals.pl\/sklep\/large-polyp-stony-corals\/euphyllia-glabrescens-dragon-tamer\/","url":"https:\/\/happycorals.pl\/sklep\/large-polyp-stony-corals\/euphyllia-glabrescens-dragon-tamer\/","name":"Euphyllia Glabrescens Dragon Tamer - Happy Corals","isPartOf":{"@id":"https:\/\/happycorals.pl\/#website"},"primaryImageOfPage":{"@id":"https:\/\/happycorals.pl\/sklep\/large-polyp-stony-corals\/euphyllia-glabrescens-dragon-tamer\/#primaryimage"},"image":{"@id":"https:\/\/happycorals.pl\/sklep\/large-polyp-stony-corals\/euphyllia-glabrescens-dragon-tamer\/#primaryimage"},"thumbnailUrl":"https:\/\/happycorals.pl\/wp-content\/uploads\/2025\/12\/Euphyllia-Dragon-Tamer-Torch.jpg","datePublished":"2025-12-18T00:15:15+00:00","dateModified":"2026-03-17T00:53:36+00:00","breadcrumb":{"@id":"https:\/\/happycorals.pl\/sklep\/large-polyp-stony-corals\/euphyllia-glabrescens-dragon-tamer\/#breadcrumb"},"inLanguage":"en-GB","potentialAction":[{"@type":"ReadAction","target":["https:\/\/happycorals.pl\/sklep\/large-polyp-stony-corals\/euphyllia-glabrescens-dragon-tamer\/"]}]},{"@type":"ImageObject","inLanguage":"en-GB","@id":"https:\/\/happycorals.pl\/sklep\/large-polyp-stony-corals\/euphyllia-glabrescens-dragon-tamer\/#primaryimage","url":"https:\/\/happycorals.pl\/wp-content\/uploads\/2025\/12\/Euphyllia-Dragon-Tamer-Torch.jpg","contentUrl":"https:\/\/happycorals.pl\/wp-content\/uploads\/2025\/12\/Euphyllia-Dragon-Tamer-Torch.jpg","width":1451,"height":1033},{"@type":"BreadcrumbList","@id":"https:\/\/happycorals.pl\/sklep\/large-polyp-stony-corals\/euphyllia-glabrescens-dragon-tamer\/#breadcrumb","itemListElement":[{"@type":"ListItem","position":1,"name":"Strona g\u0142\u00f3wna","item":"https:\/\/happycorals.pl\/"},{"@type":"ListItem","position":2,"name":"Sklep","item":"https:\/\/happycorals.pl\/sklep\/"},{"@type":"ListItem","position":3,"name":"Euphyllia Glabrescens Dragon Tamer"}]},{"@type":"WebSite","@id":"https:\/\/happycorals.pl\/#website","url":"https:\/\/happycorals.pl\/","name":"Happy Corals","description":"Sklep z koralowcami","publisher":{"@id":"https:\/\/happycorals.pl\/#organization"},"potentialAction":[{"@type":"SearchAction","target":{"@type":"EntryPoint","urlTemplate":"https:\/\/happycorals.pl\/?s={search_term_string}"},"query-input":{"@type":"PropertyValueSpecification","valueRequired":true,"valueName":"search_term_string"}}],"inLanguage":"en-GB"},{"@type":"Organization","@id":"https:\/\/happycorals.pl\/#organization","name":"Happy Corals","url":"https:\/\/happycorals.pl\/","logo":{"@type":"ImageObject","inLanguage":"en-GB","@id":"https:\/\/happycorals.pl\/#\/schema\/logo\/image\/","url":"https:\/\/happycorals.pl\/wp-content\/uploads\/2022\/03\/Happy-Corals-01-kolorowe-DRUK-2.png.png","contentUrl":"https:\/\/happycorals.pl\/wp-content\/uploads\/2022\/03\/Happy-Corals-01-kolorowe-DRUK-2.png.png","width":2000,"height":2000,"caption":"Happy Corals"},"image":{"@id":"https:\/\/happycorals.pl\/#\/schema\/logo\/image\/"}}]}},"_links":{"self":[{"href":"https:\/\/happycorals.pl\/en\/wp-json\/wp\/v2\/product\/20971","targetHints":{"allow":["GET"]}}],"collection":[{"href":"https:\/\/happycorals.pl\/en\/wp-json\/wp\/v2\/product"}],"about":[{"href":"https:\/\/happycorals.pl\/en\/wp-json\/wp\/v2\/types\/product"}],"replies":[{"embeddable":true,"href":"https:\/\/happycorals.pl\/en\/wp-json\/wp\/v2\/comments?post=20971"}],"version-history":[{"count":5,"href":"https:\/\/happycorals.pl\/en\/wp-json\/wp\/v2\/product\/20971\/revisions"}],"predecessor-version":[{"id":21400,"href":"https:\/\/happycorals.pl\/en\/wp-json\/wp\/v2\/product\/20971\/revisions\/21400"}],"wp:featuredmedia":[{"embeddable":true,"href":"https:\/\/happycorals.pl\/en\/wp-json\/wp\/v2\/media\/20972"}],"wp:attachment":[{"href":"https:\/\/happycorals.pl\/en\/wp-json\/wp\/v2\/media?parent=20971"}],"wp:term":[{"taxonomy":"product_brand","embeddable":true,"href":"https:\/\/happycorals.pl\/en\/wp-json\/wp\/v2\/product_brand?post=20971"},{"taxonomy":"product_cat","embeddable":true,"href":"https:\/\/happycorals.pl\/en\/wp-json\/wp\/v2\/product_cat?post=20971"},{"taxonomy":"product_tag","embeddable":true,"href":"https:\/\/happycorals.pl\/en\/wp-json\/wp\/v2\/product_tag?post=20971"}],"curies":[{"name":"wp","href":"https:\/\/api.w.org\/{rel}","templated":true}]}}