{"id":20965,"date":"2025-12-18T00:34:00","date_gmt":"2025-12-17T23:34:00","guid":{"rendered":"https:\/\/happycorals.pl\/?post_type=product&#038;p=20965"},"modified":"2026-02-24T22:38:58","modified_gmt":"2026-02-24T21:38:58","slug":"zoanthus-hallucination","status":"publish","type":"product","link":"https:\/\/happycorals.pl\/en\/sklep\/soft\/zoanthus-hallucination\/","title":{"rendered":"Zoanthus Hallucination"},"content":{"rendered":"<div class=\"Y3BBE\" data-sfc-cp=\"\" data-hveid=\"CAEIBBAA\" data-complete=\"true\" data-processed=\"true\"><strong class=\"Yjhzub\" data-complete=\"true\" data-processed=\"true\">Zoanthus Hallucination<\/strong>\u00a0to jedna z najbardziej po\u017c\u0105danych i luksusowych odmian koralowc\u00f3w mi\u0119kkich z rodzaju\u00a0<em class=\"eujQNb\" data-complete=\"true\" data-processed=\"true\">Zoanthus<\/em>, ceniona przez kolekcjoner\u00f3w za niezwykle intensywne, t\u0119czowe ubarwienie.<\/div>\n<div class=\"Fsg96\" data-sfc-cp=\"\" data-complete=\"true\" data-processed=\"true\"><\/div>\n<div class=\"otQkpb\" role=\"heading\" aria-level=\"3\" data-animation-nesting=\"\" data-sfc-cp=\"\" data-complete=\"true\" data-processed=\"true\">Charakterystyka i Wygl\u0105d<\/div>\n<ul class=\"KsbFXc U6u95\" data-complete=\"true\" data-processed=\"true\">\n<li data-hveid=\"CAEIBhAA\" data-complete=\"true\" data-processed=\"true\"><span class=\"T286Pc\" data-sfc-cp=\"\" data-complete=\"true\" data-processed=\"true\"><strong class=\"Yjhzub\" data-complete=\"true\" data-processed=\"true\">Kolorystyka:<\/strong>\u00a0Charakteryzuje si\u0119 jaskrawymi, kontrastuj\u0105cymi barwami, cz\u0119sto \u0142\u0105cz\u0105cymi odcienie zieleni, pomara\u0144czu, czerwieni i fioletu. Polipy maj\u0105 unikalne wzory na tarczach g\u0119bowych, kt\u00f3re pod o\u015bwietleniem aktynicznym (niebieskim) wykazuj\u0105 siln\u0105 fluorescencj\u0119.<\/span><\/li>\n<li data-hveid=\"CAEIBhAB\" data-complete=\"true\" data-processed=\"true\"><span class=\"T286Pc\" data-sfc-cp=\"\" data-complete=\"true\" data-processed=\"true\"><strong class=\"Yjhzub\" data-complete=\"true\" data-processed=\"true\">Wielko\u015b\u0107:<\/strong> Jak wi\u0119kszo\u015b\u0107 zoanthus\u00f3w, tworzy kolonie sk\u0142adaj\u0105ce si\u0119 z poszczeg\u00f3lnych polip\u00f3w osadzonych na wsp\u00f3lnym pod\u0142o\u017cu (matie).<\/span><\/li>\n<\/ul>\n<div class=\"Fsg96\" data-sfc-cp=\"\" data-complete=\"true\" data-processed=\"true\"><\/div>\n<div class=\"otQkpb\" role=\"heading\" aria-level=\"3\" data-animation-nesting=\"\" data-sfc-cp=\"\" data-complete=\"true\" data-processed=\"true\"><strong>Wymagania i Hodowla<\/strong><\/div>\n<div class=\"Y3BBE\" data-sfc-cp=\"\" data-hveid=\"CAEICBAA\" data-complete=\"true\" data-processed=\"true\">W przeciwie\u0144stwie do pospolitych odmian, Hallucination jest uznawana za koralowiec\u00a0<strong class=\"Yjhzub\" data-complete=\"true\" data-processed=\"true\">trudniejszy w utrzymaniu<\/strong> i wolniej rosn\u0105cy.<\/div>\n<ul class=\"KsbFXc U6u95\" data-complete=\"true\" data-processed=\"true\">\n<li data-hveid=\"CAEICRAA\" data-complete=\"true\" data-processed=\"true\"><span class=\"T286Pc\" data-sfc-cp=\"\" data-complete=\"true\" data-processed=\"true\"><strong class=\"Yjhzub\" data-complete=\"true\" data-processed=\"true\">\u015awiat\u0142o:<\/strong>\u00a0\u015arednie do silnego (ok. 100\u2013200 PAR). Zbyt s\u0142abe \u015bwiat\u0142o powoduje wyci\u0105ganie si\u0119 polip\u00f3w i blakni\u0119cie barw, natomiast zbyt silne mo\u017ce prowadzi\u0107 do tzw. &#8222;topnienia&#8221; (ang.\u00a0<em class=\"eujQNb\" data-complete=\"true\" data-processed=\"true\">melting<\/em>).<\/span><\/li>\n<li data-hveid=\"CAEICRAB\" data-complete=\"true\" data-processed=\"true\"><span class=\"T286Pc\" data-sfc-cp=\"\" data-complete=\"true\" data-processed=\"true\"><strong class=\"Yjhzub\" data-complete=\"true\" data-processed=\"true\">Przep\u0142yw wody:<\/strong>\u00a0\u015aredni, po\u015bredni. Woda powinna omiata\u0107 polipy, aby zapobiega\u0107 osadzaniu si\u0119 detrytusu, ale nie mo\u017ce by\u0107 na tyle silna, by uniemo\u017cliwia\u0107 im otwarcie.<\/span><\/li>\n<li data-hveid=\"CAEICRAC\" data-complete=\"true\" data-processed=\"true\"><span class=\"T286Pc\" data-sfc-cp=\"\" data-complete=\"true\" data-processed=\"true\"><strong class=\"Yjhzub\" data-complete=\"true\" data-processed=\"true\">Stabilno\u015b\u0107:<\/strong> Odmiana ta jest wyj\u0105tkowo wra\u017cliwa na gwa\u0142towne zmiany parametr\u00f3w wody (skoki pH, zasolenia czy temperatury), co cz\u0119sto ko\u0144czy si\u0119 utrat\u0105 kolonii.<\/span><\/li>\n<\/ul>\n<div class=\"Fsg96\" data-sfc-cp=\"\" data-complete=\"true\" data-processed=\"true\"><\/div>\n<div class=\"otQkpb\" role=\"heading\" aria-level=\"3\" data-animation-nesting=\"\" data-sfc-cp=\"\" data-complete=\"true\" data-processed=\"true\"><strong>Bezpiecze\u0144stwo<\/strong><\/div>\n<div class=\"Y3BBE\" data-sfc-cp=\"\" data-hveid=\"CAEIDhAA\" data-complete=\"true\" data-processed=\"true\">Podobnie jak inne zoanthusy, Hallucination mo\u017ce zawiera\u0107\u00a0<strong class=\"Yjhzub\" data-complete=\"true\" data-processed=\"true\">palitoksyn\u0119<\/strong> \u2013 jedn\u0105 z najsilniejszych toksyn organicznych. Podczas fragmentacji nale\u017cy bezwzgl\u0119dnie u\u017cywa\u0107 r\u0119kawiczek i ochrony oczu, a prace wykonywa\u0107 w dobrze wentylowanym pomieszczeniu.<\/div>","protected":false},"excerpt":{"rendered":"<p>Zoanthus Hallucination\u00a0to jedna z najbardziej po\u017c\u0105danych i luksusowych odmian koralowc\u00f3w mi\u0119kkich z rodzaju\u00a0Zoanthus, ceniona przez kolekcjoner\u00f3w za niezwykle intensywne, t\u0119czowe ubarwienie. Charakterystyka i Wygl\u0105d Kolorystyka:\u00a0Charakteryzuje si\u0119 jaskrawymi, kontrastuj\u0105cymi barwami, cz\u0119sto&hellip;<\/p>","protected":false},"featured_media":20963,"comment_status":"closed","ping_status":"closed","template":"","meta":[],"product_brand":[],"product_cat":[115],"product_tag":[],"class_list":{"0":"post-20965","1":"product","2":"type-product","3":"status-publish","4":"has-post-thumbnail","6":"product_cat-soft","7":"product_shipping_class-przesylka-ogrzewana","9":"first","10":"instock","11":"sale","12":"taxable","13":"shipping-taxable","14":"purchasable","15":"product-type-simple"},"yoast_head":"<!-- This site is optimized with the Yoast SEO plugin v26.6 - https:\/\/yoast.com\/wordpress\/plugins\/seo\/ -->\n<title>Zoanthus Hallucination - Happy Corals<\/title>\n<meta name=\"robots\" content=\"index, follow, max-snippet:-1, max-image-preview:large, max-video-preview:-1\" \/>\n<link rel=\"canonical\" href=\"https:\/\/happycorals.pl\/en\/sklep\/soft\/zoanthus-hallucination\/\" \/>\n<meta property=\"og:locale\" content=\"en_GB\" \/>\n<meta property=\"og:type\" content=\"article\" \/>\n<meta property=\"og:title\" content=\"Zoanthus Hallucination - Happy Corals\" \/>\n<meta property=\"og:description\" content=\"Zoanthus Hallucination\u00a0to jedna z najbardziej po\u017c\u0105danych i luksusowych odmian koralowc\u00f3w mi\u0119kkich z rodzaju\u00a0Zoanthus, ceniona przez kolekcjoner\u00f3w za niezwykle intensywne, t\u0119czowe ubarwienie. Charakterystyka i Wygl\u0105d Kolorystyka:\u00a0Charakteryzuje si\u0119 jaskrawymi, kontrastuj\u0105cymi barwami, cz\u0119sto&hellip;\" \/>\n<meta property=\"og:url\" content=\"https:\/\/happycorals.pl\/en\/sklep\/soft\/zoanthus-hallucination\/\" \/>\n<meta property=\"og:site_name\" content=\"Happy Corals\" \/>\n<meta property=\"article:modified_time\" content=\"2026-02-24T21:38:58+00:00\" \/>\n<meta property=\"og:image\" content=\"https:\/\/happycorals.pl\/wp-content\/uploads\/2025\/12\/MG_1902-scaled.jpg\" \/>\n\t<meta property=\"og:image:width\" content=\"2560\" \/>\n\t<meta property=\"og:image:height\" content=\"2192\" \/>\n\t<meta property=\"og:image:type\" content=\"image\/jpeg\" \/>\n<meta name=\"twitter:card\" content=\"summary_large_image\" \/>\n<meta name=\"twitter:label1\" content=\"Estimated reading time\" \/>\n\t<meta name=\"twitter:data1\" content=\"2 minutes\" \/>\n<script type=\"application\/ld+json\" class=\"yoast-schema-graph\">{\"@context\":\"https:\/\/schema.org\",\"@graph\":[{\"@type\":\"WebPage\",\"@id\":\"https:\/\/happycorals.pl\/sklep\/soft\/zoanthus-hallucination\/\",\"url\":\"https:\/\/happycorals.pl\/sklep\/soft\/zoanthus-hallucination\/\",\"name\":\"Zoanthus Hallucination - Happy Corals\",\"isPartOf\":{\"@id\":\"https:\/\/happycorals.pl\/#website\"},\"primaryImageOfPage\":{\"@id\":\"https:\/\/happycorals.pl\/sklep\/soft\/zoanthus-hallucination\/#primaryimage\"},\"image\":{\"@id\":\"https:\/\/happycorals.pl\/sklep\/soft\/zoanthus-hallucination\/#primaryimage\"},\"thumbnailUrl\":\"https:\/\/happycorals.pl\/wp-content\/uploads\/2025\/12\/MG_1902-scaled.jpg\",\"datePublished\":\"2025-12-17T23:34:00+00:00\",\"dateModified\":\"2026-02-24T21:38:58+00:00\",\"breadcrumb\":{\"@id\":\"https:\/\/happycorals.pl\/sklep\/soft\/zoanthus-hallucination\/#breadcrumb\"},\"inLanguage\":\"en-GB\",\"potentialAction\":[{\"@type\":\"ReadAction\",\"target\":[\"https:\/\/happycorals.pl\/sklep\/soft\/zoanthus-hallucination\/\"]}]},{\"@type\":\"ImageObject\",\"inLanguage\":\"en-GB\",\"@id\":\"https:\/\/happycorals.pl\/sklep\/soft\/zoanthus-hallucination\/#primaryimage\",\"url\":\"https:\/\/happycorals.pl\/wp-content\/uploads\/2025\/12\/MG_1902-scaled.jpg\",\"contentUrl\":\"https:\/\/happycorals.pl\/wp-content\/uploads\/2025\/12\/MG_1902-scaled.jpg\",\"width\":2560,\"height\":2192},{\"@type\":\"BreadcrumbList\",\"@id\":\"https:\/\/happycorals.pl\/sklep\/soft\/zoanthus-hallucination\/#breadcrumb\",\"itemListElement\":[{\"@type\":\"ListItem\",\"position\":1,\"name\":\"Strona g\u0142\u00f3wna\",\"item\":\"https:\/\/happycorals.pl\/\"},{\"@type\":\"ListItem\",\"position\":2,\"name\":\"Sklep\",\"item\":\"https:\/\/happycorals.pl\/sklep\/\"},{\"@type\":\"ListItem\",\"position\":3,\"name\":\"Zoanthus Hallucination\"}]},{\"@type\":\"WebSite\",\"@id\":\"https:\/\/happycorals.pl\/#website\",\"url\":\"https:\/\/happycorals.pl\/\",\"name\":\"Happy Corals\",\"description\":\"Sklep z koralowcami\",\"publisher\":{\"@id\":\"https:\/\/happycorals.pl\/#organization\"},\"potentialAction\":[{\"@type\":\"SearchAction\",\"target\":{\"@type\":\"EntryPoint\",\"urlTemplate\":\"https:\/\/happycorals.pl\/?s={search_term_string}\"},\"query-input\":{\"@type\":\"PropertyValueSpecification\",\"valueRequired\":true,\"valueName\":\"search_term_string\"}}],\"inLanguage\":\"en-GB\"},{\"@type\":\"Organization\",\"@id\":\"https:\/\/happycorals.pl\/#organization\",\"name\":\"Happy Corals\",\"url\":\"https:\/\/happycorals.pl\/\",\"logo\":{\"@type\":\"ImageObject\",\"inLanguage\":\"en-GB\",\"@id\":\"https:\/\/happycorals.pl\/#\/schema\/logo\/image\/\",\"url\":\"https:\/\/happycorals.pl\/wp-content\/uploads\/2022\/03\/Happy-Corals-01-kolorowe-DRUK-2.png.png\",\"contentUrl\":\"https:\/\/happycorals.pl\/wp-content\/uploads\/2022\/03\/Happy-Corals-01-kolorowe-DRUK-2.png.png\",\"width\":2000,\"height\":2000,\"caption\":\"Happy Corals\"},\"image\":{\"@id\":\"https:\/\/happycorals.pl\/#\/schema\/logo\/image\/\"}}]}<\/script>\n<!-- \/ Yoast SEO plugin. -->","yoast_head_json":{"title":"Zoanthus Hallucination - Happy Corals","robots":{"index":"index","follow":"follow","max-snippet":"max-snippet:-1","max-image-preview":"max-image-preview:large","max-video-preview":"max-video-preview:-1"},"canonical":"https:\/\/happycorals.pl\/en\/sklep\/soft\/zoanthus-hallucination\/","og_locale":"en_GB","og_type":"article","og_title":"Zoanthus Hallucination - Happy Corals","og_description":"Zoanthus Hallucination\u00a0to jedna z najbardziej po\u017c\u0105danych i luksusowych odmian koralowc\u00f3w mi\u0119kkich z rodzaju\u00a0Zoanthus, ceniona przez kolekcjoner\u00f3w za niezwykle intensywne, t\u0119czowe ubarwienie. Charakterystyka i Wygl\u0105d Kolorystyka:\u00a0Charakteryzuje si\u0119 jaskrawymi, kontrastuj\u0105cymi barwami, cz\u0119sto&hellip;","og_url":"https:\/\/happycorals.pl\/en\/sklep\/soft\/zoanthus-hallucination\/","og_site_name":"Happy Corals","article_modified_time":"2026-02-24T21:38:58+00:00","og_image":[{"width":2560,"height":2192,"url":"https:\/\/happycorals.pl\/wp-content\/uploads\/2025\/12\/MG_1902-scaled.jpg","type":"image\/jpeg"}],"twitter_card":"summary_large_image","twitter_misc":{"Estimated reading time":"2 minutes"},"schema":{"@context":"https:\/\/schema.org","@graph":[{"@type":"WebPage","@id":"https:\/\/happycorals.pl\/sklep\/soft\/zoanthus-hallucination\/","url":"https:\/\/happycorals.pl\/sklep\/soft\/zoanthus-hallucination\/","name":"Zoanthus Hallucination - Happy Corals","isPartOf":{"@id":"https:\/\/happycorals.pl\/#website"},"primaryImageOfPage":{"@id":"https:\/\/happycorals.pl\/sklep\/soft\/zoanthus-hallucination\/#primaryimage"},"image":{"@id":"https:\/\/happycorals.pl\/sklep\/soft\/zoanthus-hallucination\/#primaryimage"},"thumbnailUrl":"https:\/\/happycorals.pl\/wp-content\/uploads\/2025\/12\/MG_1902-scaled.jpg","datePublished":"2025-12-17T23:34:00+00:00","dateModified":"2026-02-24T21:38:58+00:00","breadcrumb":{"@id":"https:\/\/happycorals.pl\/sklep\/soft\/zoanthus-hallucination\/#breadcrumb"},"inLanguage":"en-GB","potentialAction":[{"@type":"ReadAction","target":["https:\/\/happycorals.pl\/sklep\/soft\/zoanthus-hallucination\/"]}]},{"@type":"ImageObject","inLanguage":"en-GB","@id":"https:\/\/happycorals.pl\/sklep\/soft\/zoanthus-hallucination\/#primaryimage","url":"https:\/\/happycorals.pl\/wp-content\/uploads\/2025\/12\/MG_1902-scaled.jpg","contentUrl":"https:\/\/happycorals.pl\/wp-content\/uploads\/2025\/12\/MG_1902-scaled.jpg","width":2560,"height":2192},{"@type":"BreadcrumbList","@id":"https:\/\/happycorals.pl\/sklep\/soft\/zoanthus-hallucination\/#breadcrumb","itemListElement":[{"@type":"ListItem","position":1,"name":"Strona g\u0142\u00f3wna","item":"https:\/\/happycorals.pl\/"},{"@type":"ListItem","position":2,"name":"Sklep","item":"https:\/\/happycorals.pl\/sklep\/"},{"@type":"ListItem","position":3,"name":"Zoanthus Hallucination"}]},{"@type":"WebSite","@id":"https:\/\/happycorals.pl\/#website","url":"https:\/\/happycorals.pl\/","name":"Happy Corals","description":"Sklep z koralowcami","publisher":{"@id":"https:\/\/happycorals.pl\/#organization"},"potentialAction":[{"@type":"SearchAction","target":{"@type":"EntryPoint","urlTemplate":"https:\/\/happycorals.pl\/?s={search_term_string}"},"query-input":{"@type":"PropertyValueSpecification","valueRequired":true,"valueName":"search_term_string"}}],"inLanguage":"en-GB"},{"@type":"Organization","@id":"https:\/\/happycorals.pl\/#organization","name":"Happy Corals","url":"https:\/\/happycorals.pl\/","logo":{"@type":"ImageObject","inLanguage":"en-GB","@id":"https:\/\/happycorals.pl\/#\/schema\/logo\/image\/","url":"https:\/\/happycorals.pl\/wp-content\/uploads\/2022\/03\/Happy-Corals-01-kolorowe-DRUK-2.png.png","contentUrl":"https:\/\/happycorals.pl\/wp-content\/uploads\/2022\/03\/Happy-Corals-01-kolorowe-DRUK-2.png.png","width":2000,"height":2000,"caption":"Happy Corals"},"image":{"@id":"https:\/\/happycorals.pl\/#\/schema\/logo\/image\/"}}]}},"_links":{"self":[{"href":"https:\/\/happycorals.pl\/en\/wp-json\/wp\/v2\/product\/20965","targetHints":{"allow":["GET"]}}],"collection":[{"href":"https:\/\/happycorals.pl\/en\/wp-json\/wp\/v2\/product"}],"about":[{"href":"https:\/\/happycorals.pl\/en\/wp-json\/wp\/v2\/types\/product"}],"replies":[{"embeddable":true,"href":"https:\/\/happycorals.pl\/en\/wp-json\/wp\/v2\/comments?post=20965"}],"version-history":[{"count":1,"href":"https:\/\/happycorals.pl\/en\/wp-json\/wp\/v2\/product\/20965\/revisions"}],"predecessor-version":[{"id":20968,"href":"https:\/\/happycorals.pl\/en\/wp-json\/wp\/v2\/product\/20965\/revisions\/20968"}],"wp:featuredmedia":[{"embeddable":true,"href":"https:\/\/happycorals.pl\/en\/wp-json\/wp\/v2\/media\/20963"}],"wp:attachment":[{"href":"https:\/\/happycorals.pl\/en\/wp-json\/wp\/v2\/media?parent=20965"}],"wp:term":[{"taxonomy":"product_brand","embeddable":true,"href":"https:\/\/happycorals.pl\/en\/wp-json\/wp\/v2\/product_brand?post=20965"},{"taxonomy":"product_cat","embeddable":true,"href":"https:\/\/happycorals.pl\/en\/wp-json\/wp\/v2\/product_cat?post=20965"},{"taxonomy":"product_tag","embeddable":true,"href":"https:\/\/happycorals.pl\/en\/wp-json\/wp\/v2\/product_tag?post=20965"}],"curies":[{"name":"wp","href":"https:\/\/api.w.org\/{rel}","templated":true}]}}